{"id":3729,"date":"2018-08-31T10:29:29","date_gmt":"2018-08-31T08:29:29","guid":{"rendered":"https:\/\/www.brasserie-lipp.ch\/notre-carte-francaise\/"},"modified":"2026-03-23T10:16:36","modified_gmt":"2026-03-23T08:16:36","slug":"notre-carte-francaise","status":"publish","type":"page","link":"https:\/\/www.brasserie-lipp.ch\/fr\/willkommen-in-der-brasserie-lipp-zuerich\/notre-carte-francaise\/","title":{"rendered":"Notre carte fran\u00e7aise"},"content":{"rendered":"<h2>Une carte fran\u00e7aise sous le signe de la passion<\/h2>\n<p>Les ingr\u00e9dients de nos mets fran\u00e7ais sont s\u00e9lectionn\u00e9s avec le plus grand soin et cuisin\u00e9s pour vous avec une telle passion que vous n\u2019avez plus besoin d\u2019aller \u00e0 Paris! Vous trouverez sur notre carte les grands classiques de la cuisine fran\u00e7aise, et notamment des fruits de mer et le plus vaste choix d\u2019hu\u00eetres en ville de Zurich. \u2028Nos sommeliers vous conseilleront volontiers pour choisir le vin ou le champagne qui accompagnera \u00e0 la perfection une assiette d\u2019hu\u00eetres, une cassolette de moules frites ou encore une choucroute garnie.<\/p>\n<p style=\"margin-bottom: 0px !important; background: #bd872; border: 2px solid #fbd872; padding: 17px 25px; text-align: center; font-size: 18px; margin-top: 10px;\"><a style=\"color: #674736 !important; text-decoration: none;\" href=\"https:\/\/www.brasserie-lipp.ch\/wp-content\/uploads\/2026\/03\/Lipp_a_la_carte_DE_0426.pdf\" target=\"_blank\" rel=\"noopener noreferrer\">MENU DE<\/a><\/p>\n<p style=\"margin-bottom: 0px !important; background: #bd872; border: 2px solid #fbd872; padding: 17px 25px; text-align: center; font-size: 18px; margin-top: 10px;\"><a style=\"color: #674736 !important; text-decoration: none;\" href=\"https:\/\/www.brasserie-lipp.ch\/wp-content\/uploads\/2026\/03\/Lipp_a_la_carte_EN_0426.pdf\" target=\"_blank\" rel=\"noopener noreferrer\">MENU <\/a><a style=\"color: #674736 !important; text-decoration: none;\" href=\"https:\/\/www.brasserie-lipp.ch\/wp-content\/uploads\/2026\/02\/Lipp_a_la_carte_EN_0226.pdf\" target=\"_blank\" rel=\"noopener noreferrer\">EN<\/a><\/p>\n<p style=\"margin-bottom: 0px !important; background: #bd872; border: 2px solid #fbd872; padding: 17px 25px; text-align: center; font-size: 18px; margin-top: 10px;\"><a style=\"color: #674736 !important; text-decoration: none;\" href=\"https:\/\/www.brasserie-lipp.ch\/wp-content\/uploads\/2026\/03\/Lipp_Speisekarte_klein_DE_0426.pdf\" target=\"_blank\" rel=\"noopener noreferrer\">PETIT MENU DE<\/a><\/p>\n<p style=\"margin-bottom: 0px !important; background: #bd872; border: 2px solid #fbd872; padding: 17px 25px; text-align: center; font-size: 18px; margin-top: 10px;\"><a href=\"https:\/\/www.brasserie-lipp.ch\/wp-content\/uploads\/2026\/03\/Lipp_Speisekarte_klein_EN_0426.pdf\">PETIT MENU EN<\/a><\/p>\n<p style=\"margin-bottom: 0px !important; background: #bd872; border: 2px solid #fbd872; padding: 17px 25px; text-align: center; font-size: 18px; margin-top: 10px;\"><a style=\"color: #674736 !important; text-decoration: none;\" href=\"https:\/\/www.brasserie-lipp.ch\/wp-content\/uploads\/2026\/01\/Lipp_Weinkarte_0126.pdf\" target=\"_blank\" rel=\"noopener noreferrer\">CARTE DE VIN<\/a><\/p>\n<p>&nbsp;<\/p>\n<p>Que ce soit pour le d\u00e9jeuner, le petit-d\u00e9jeuner ou pour un caf\u00e9, la brasserie avec son restaurant et sa grande terrasse d&rsquo;\u00e9t\u00e9 est l&rsquo;un des plus beaux endroits de la Bahnhofstrasse. La Brasserie Lipp est l&rsquo;endroit id\u00e9al pour les \u00e9picuriens et les connaisseurs qui appr\u00e9cient l&rsquo;ambiance parisienne unique &#8211; et ce en plein c\u0153ur de Zurich.<\/p>\n<h3 style=\"margin-top: 30px;\">Louer le restaurant<\/h3>\n<p>Une f\u00eate de famille ou un anniversaire est pr\u00e9vu prochainement ? Vous pr\u00e9voyez un s\u00e9minaire avec votre entreprise ou il est temps d&rsquo;organiser une r\u00e9union d&rsquo;anciens \u00e9l\u00e8ves ?<\/p>\n<p>Nous vous assistons de mani\u00e8re comp\u00e9tente et professionnelle dans l&rsquo;organisation et la planification. Bien entendu, nous vous assistons \u00e9galement pendant l&rsquo;\u00e9v\u00e9nement. Votre satisfaction est notre priorit\u00e9.<br \/>\nLouez la Brasserie Lipp en exclusivit\u00e9 pour votre \u00e9v\u00e9nement au centre de Zurich. Prenez contact avec nous <a href=\"https:\/\/www.brasserie-lipp.ch\/bankette\/\" target=\"_blank\" rel=\"noopener noreferrer\"><strong>cliquez ici<\/strong><\/a>.<\/p>\n","protected":false},"excerpt":{"rendered":"<p>Une carte fran\u00e7aise sous le signe de la passion Les ingr\u00e9dients de nos mets fran\u00e7ais sont s\u00e9lectionn\u00e9s avec le plus grand soin et cuisin\u00e9s pour vous avec une telle passion que vous n\u2019avez plus besoin d\u2019aller \u00e0 Paris! Vous trouverez sur notre carte les grands classiques de la cuisine fran\u00e7aise, et notamment des fruits de [&hellip;]<\/p>\n","protected":false},"author":9,"featured_media":7332,"parent":4021,"menu_order":0,"comment_status":"open","ping_status":"open","template":"","meta":{"footnotes":""},"class_list":["post-3729","page","type-page","status-publish","has-post-thumbnail","hentry"],"yoast_head":"<!-- This site is optimized with the Yoast SEO plugin v27.3 - https:\/\/yoast.com\/product\/yoast-seo-wordpress\/ -->\n<title>Notre menu fran\u00e7ais authentique<\/title>\n<meta name=\"description\" content=\"Notre menu fran\u00e7ais avec passion - soyez enchant\u00e9s par la choucroute et la bi\u00e8re, bien s\u00fbr les fruits de mer et les hu\u00eetres ne manquent pas.\" \/>\n<meta name=\"robots\" content=\"index, follow, max-snippet:-1, max-image-preview:large, max-video-preview:-1\" \/>\n<link rel=\"canonical\" href=\"https:\/\/www.brasserie-lipp.ch\/fr\/willkommen-in-der-brasserie-lipp-zuerich\/notre-carte-francaise\/\" \/>\n<meta property=\"og:locale\" content=\"fr_FR\" \/>\n<meta property=\"og:type\" content=\"article\" \/>\n<meta property=\"og:title\" content=\"Notre menu fran\u00e7ais authentique\" \/>\n<meta property=\"og:description\" content=\"Notre menu fran\u00e7ais avec passion - soyez enchant\u00e9s par la choucroute et la bi\u00e8re, bien s\u00fbr les fruits de mer et les hu\u00eetres ne manquent pas.\" \/>\n<meta property=\"og:url\" content=\"https:\/\/www.brasserie-lipp.ch\/fr\/willkommen-in-der-brasserie-lipp-zuerich\/notre-carte-francaise\/\" \/>\n<meta property=\"og:site_name\" content=\"Brasserie Lipp\" \/>\n<meta property=\"article:modified_time\" content=\"2026-03-23T08:16:36+00:00\" \/>\n<meta property=\"og:image\" content=\"https:\/\/www.brasserie-lipp.ch\/wp-content\/uploads\/2021\/11\/4.jpg\" \/>\n\t<meta property=\"og:image:width\" content=\"1663\" \/>\n\t<meta property=\"og:image:height\" content=\"587\" \/>\n\t<meta property=\"og:image:type\" content=\"image\/jpeg\" \/>\n<meta name=\"twitter:label1\" content=\"Dur\u00e9e de lecture estim\u00e9e\" \/>\n\t<meta name=\"twitter:data1\" content=\"2 minutes\" \/>\n<script type=\"application\/ld+json\" class=\"yoast-schema-graph\">{\"@context\":\"https:\\\/\\\/schema.org\",\"@graph\":[{\"@type\":\"WebPage\",\"@id\":\"https:\\\/\\\/www.brasserie-lipp.ch\\\/fr\\\/willkommen-in-der-brasserie-lipp-zuerich\\\/notre-carte-francaise\\\/\",\"url\":\"https:\\\/\\\/www.brasserie-lipp.ch\\\/fr\\\/willkommen-in-der-brasserie-lipp-zuerich\\\/notre-carte-francaise\\\/\",\"name\":\"Notre menu fran\u00e7ais authentique\",\"isPartOf\":{\"@id\":\"https:\\\/\\\/www.brasserie-lipp.ch\\\/#website\"},\"primaryImageOfPage\":{\"@id\":\"https:\\\/\\\/www.brasserie-lipp.ch\\\/fr\\\/willkommen-in-der-brasserie-lipp-zuerich\\\/notre-carte-francaise\\\/#primaryimage\"},\"image\":{\"@id\":\"https:\\\/\\\/www.brasserie-lipp.ch\\\/fr\\\/willkommen-in-der-brasserie-lipp-zuerich\\\/notre-carte-francaise\\\/#primaryimage\"},\"thumbnailUrl\":\"https:\\\/\\\/www.brasserie-lipp.ch\\\/wp-content\\\/uploads\\\/2021\\\/11\\\/4.jpg\",\"datePublished\":\"2018-08-31T08:29:29+00:00\",\"dateModified\":\"2026-03-23T08:16:36+00:00\",\"description\":\"Notre menu fran\u00e7ais avec passion - soyez enchant\u00e9s par la choucroute et la bi\u00e8re, bien s\u00fbr les fruits de mer et les hu\u00eetres ne manquent pas.\",\"breadcrumb\":{\"@id\":\"https:\\\/\\\/www.brasserie-lipp.ch\\\/fr\\\/willkommen-in-der-brasserie-lipp-zuerich\\\/notre-carte-francaise\\\/#breadcrumb\"},\"inLanguage\":\"fr-FR\",\"potentialAction\":[{\"@type\":\"ReadAction\",\"target\":[\"https:\\\/\\\/www.brasserie-lipp.ch\\\/fr\\\/willkommen-in-der-brasserie-lipp-zuerich\\\/notre-carte-francaise\\\/\"]}]},{\"@type\":\"ImageObject\",\"inLanguage\":\"fr-FR\",\"@id\":\"https:\\\/\\\/www.brasserie-lipp.ch\\\/fr\\\/willkommen-in-der-brasserie-lipp-zuerich\\\/notre-carte-francaise\\\/#primaryimage\",\"url\":\"https:\\\/\\\/www.brasserie-lipp.ch\\\/wp-content\\\/uploads\\\/2021\\\/11\\\/4.jpg\",\"contentUrl\":\"https:\\\/\\\/www.brasserie-lipp.ch\\\/wp-content\\\/uploads\\\/2021\\\/11\\\/4.jpg\",\"width\":1663,\"height\":587},{\"@type\":\"BreadcrumbList\",\"@id\":\"https:\\\/\\\/www.brasserie-lipp.ch\\\/fr\\\/willkommen-in-der-brasserie-lipp-zuerich\\\/notre-carte-francaise\\\/#breadcrumb\",\"itemListElement\":[{\"@type\":\"ListItem\",\"position\":1,\"name\":\"Bienvenue\",\"item\":\"https:\\\/\\\/www.brasserie-lipp.ch\\\/fr\\\/\"},{\"@type\":\"ListItem\",\"position\":2,\"name\":\"Notre carte fran\u00e7aise\"}]},{\"@type\":\"WebSite\",\"@id\":\"https:\\\/\\\/www.brasserie-lipp.ch\\\/#website\",\"url\":\"https:\\\/\\\/www.brasserie-lipp.ch\\\/\",\"name\":\"Brasserie Lipp\",\"description\":\"So isst Paris.\",\"potentialAction\":[{\"@type\":\"SearchAction\",\"target\":{\"@type\":\"EntryPoint\",\"urlTemplate\":\"https:\\\/\\\/www.brasserie-lipp.ch\\\/?s={search_term_string}\"},\"query-input\":{\"@type\":\"PropertyValueSpecification\",\"valueRequired\":true,\"valueName\":\"search_term_string\"}}],\"inLanguage\":\"fr-FR\"}]}<\/script>\n<!-- \/ Yoast SEO plugin. -->","yoast_head_json":{"title":"Notre menu fran\u00e7ais authentique","description":"Notre menu fran\u00e7ais avec passion - soyez enchant\u00e9s par la choucroute et la bi\u00e8re, bien s\u00fbr les fruits de mer et les hu\u00eetres ne manquent pas.","robots":{"index":"index","follow":"follow","max-snippet":"max-snippet:-1","max-image-preview":"max-image-preview:large","max-video-preview":"max-video-preview:-1"},"canonical":"https:\/\/www.brasserie-lipp.ch\/fr\/willkommen-in-der-brasserie-lipp-zuerich\/notre-carte-francaise\/","og_locale":"fr_FR","og_type":"article","og_title":"Notre menu fran\u00e7ais authentique","og_description":"Notre menu fran\u00e7ais avec passion - soyez enchant\u00e9s par la choucroute et la bi\u00e8re, bien s\u00fbr les fruits de mer et les hu\u00eetres ne manquent pas.","og_url":"https:\/\/www.brasserie-lipp.ch\/fr\/willkommen-in-der-brasserie-lipp-zuerich\/notre-carte-francaise\/","og_site_name":"Brasserie Lipp","article_modified_time":"2026-03-23T08:16:36+00:00","og_image":[{"width":1663,"height":587,"url":"https:\/\/www.brasserie-lipp.ch\/wp-content\/uploads\/2021\/11\/4.jpg","type":"image\/jpeg"}],"twitter_misc":{"Dur\u00e9e de lecture estim\u00e9e":"2 minutes"},"schema":{"@context":"https:\/\/schema.org","@graph":[{"@type":"WebPage","@id":"https:\/\/www.brasserie-lipp.ch\/fr\/willkommen-in-der-brasserie-lipp-zuerich\/notre-carte-francaise\/","url":"https:\/\/www.brasserie-lipp.ch\/fr\/willkommen-in-der-brasserie-lipp-zuerich\/notre-carte-francaise\/","name":"Notre menu fran\u00e7ais authentique","isPartOf":{"@id":"https:\/\/www.brasserie-lipp.ch\/#website"},"primaryImageOfPage":{"@id":"https:\/\/www.brasserie-lipp.ch\/fr\/willkommen-in-der-brasserie-lipp-zuerich\/notre-carte-francaise\/#primaryimage"},"image":{"@id":"https:\/\/www.brasserie-lipp.ch\/fr\/willkommen-in-der-brasserie-lipp-zuerich\/notre-carte-francaise\/#primaryimage"},"thumbnailUrl":"https:\/\/www.brasserie-lipp.ch\/wp-content\/uploads\/2021\/11\/4.jpg","datePublished":"2018-08-31T08:29:29+00:00","dateModified":"2026-03-23T08:16:36+00:00","description":"Notre menu fran\u00e7ais avec passion - soyez enchant\u00e9s par la choucroute et la bi\u00e8re, bien s\u00fbr les fruits de mer et les hu\u00eetres ne manquent pas.","breadcrumb":{"@id":"https:\/\/www.brasserie-lipp.ch\/fr\/willkommen-in-der-brasserie-lipp-zuerich\/notre-carte-francaise\/#breadcrumb"},"inLanguage":"fr-FR","potentialAction":[{"@type":"ReadAction","target":["https:\/\/www.brasserie-lipp.ch\/fr\/willkommen-in-der-brasserie-lipp-zuerich\/notre-carte-francaise\/"]}]},{"@type":"ImageObject","inLanguage":"fr-FR","@id":"https:\/\/www.brasserie-lipp.ch\/fr\/willkommen-in-der-brasserie-lipp-zuerich\/notre-carte-francaise\/#primaryimage","url":"https:\/\/www.brasserie-lipp.ch\/wp-content\/uploads\/2021\/11\/4.jpg","contentUrl":"https:\/\/www.brasserie-lipp.ch\/wp-content\/uploads\/2021\/11\/4.jpg","width":1663,"height":587},{"@type":"BreadcrumbList","@id":"https:\/\/www.brasserie-lipp.ch\/fr\/willkommen-in-der-brasserie-lipp-zuerich\/notre-carte-francaise\/#breadcrumb","itemListElement":[{"@type":"ListItem","position":1,"name":"Bienvenue","item":"https:\/\/www.brasserie-lipp.ch\/fr\/"},{"@type":"ListItem","position":2,"name":"Notre carte fran\u00e7aise"}]},{"@type":"WebSite","@id":"https:\/\/www.brasserie-lipp.ch\/#website","url":"https:\/\/www.brasserie-lipp.ch\/","name":"Brasserie Lipp","description":"So isst Paris.","potentialAction":[{"@type":"SearchAction","target":{"@type":"EntryPoint","urlTemplate":"https:\/\/www.brasserie-lipp.ch\/?s={search_term_string}"},"query-input":{"@type":"PropertyValueSpecification","valueRequired":true,"valueName":"search_term_string"}}],"inLanguage":"fr-FR"}]}},"_links":{"self":[{"href":"https:\/\/www.brasserie-lipp.ch\/fr\/wp-json\/wp\/v2\/pages\/3729","targetHints":{"allow":["GET"]}}],"collection":[{"href":"https:\/\/www.brasserie-lipp.ch\/fr\/wp-json\/wp\/v2\/pages"}],"about":[{"href":"https:\/\/www.brasserie-lipp.ch\/fr\/wp-json\/wp\/v2\/types\/page"}],"author":[{"embeddable":true,"href":"https:\/\/www.brasserie-lipp.ch\/fr\/wp-json\/wp\/v2\/users\/9"}],"replies":[{"embeddable":true,"href":"https:\/\/www.brasserie-lipp.ch\/fr\/wp-json\/wp\/v2\/comments?post=3729"}],"version-history":[{"count":21,"href":"https:\/\/www.brasserie-lipp.ch\/fr\/wp-json\/wp\/v2\/pages\/3729\/revisions"}],"predecessor-version":[{"id":8346,"href":"https:\/\/www.brasserie-lipp.ch\/fr\/wp-json\/wp\/v2\/pages\/3729\/revisions\/8346"}],"up":[{"embeddable":true,"href":"https:\/\/www.brasserie-lipp.ch\/fr\/wp-json\/wp\/v2\/pages\/4021"}],"wp:featuredmedia":[{"embeddable":true,"href":"https:\/\/www.brasserie-lipp.ch\/fr\/wp-json\/wp\/v2\/media\/7332"}],"wp:attachment":[{"href":"https:\/\/www.brasserie-lipp.ch\/fr\/wp-json\/wp\/v2\/media?parent=3729"}],"curies":[{"name":"wp","href":"https:\/\/api.w.org\/{rel}","templated":true}]}}