{"id":3755,"date":"2018-08-31T10:33:29","date_gmt":"2018-08-31T08:33:29","guid":{"rendered":"https:\/\/www.brasserie-lipp.ch\/reserver-une-table\/"},"modified":"2023-10-20T10:20:45","modified_gmt":"2023-10-20T08:20:45","slug":"reserver-une-table","status":"publish","type":"page","link":"https:\/\/www.brasserie-lipp.ch\/fr\/willkommen-in-der-brasserie-lipp-zuerich\/reserver-une-table\/","title":{"rendered":"R\u00e9server une table"},"content":{"rendered":"<h2>R\u00e9server en ligne<\/h2>\n<div style=\"background: #ffe8a1; padding: 0px 0px 0px 0px; margin-bottom: 30px;\"><a style=\"color: #6a3e25;\" target=\"_blank\" href=\"https:\/\/mytools.aleno.me\/reservations\/v2.0\/reservations.html?k=eyJrIjoid2l2dTVrM2lsNm15cnBiOWlwdzZ4bmViajhycnVkaWRpZ280bGZwODBsbzlhNGlweTEiLCJyIjoiREVkUlBtVHdRTmJrQ05TQkwiLCJzIjoiaHR0cHM6Ly9teXRvb2xzLmFsZW5vLm1lLyJ9\" rel=\"noopener\"><\/p>\n<p style=\"margin-bottom: 0px !important; background: #ffe8a1; border: 2px solid #6a3e25; padding: 17px 25px; text-align: center; font-size: 18px;\">R\u00c9SERVER EN LIGNE<\/p>\n<p><\/a><\/div>\n<p>Si vous ne pouvez pas r\u00e9server en ligne \u00e0 l&rsquo;heure que vous souhaitez, vous pouvez nous contacter au num\u00e9ro de t\u00e9l\u00e9phone suivant : +41 43 888 66 66.<\/p>\n<div id=\"TA_certificateOfExcellence268\" class=\"TA_certificateOfExcellence\" align=\"center\">\n<ul id=\"NHdCAk8XpHjB\" class=\"TA_links hxG3QCL0\">\n<li id=\"8cmU6w9svi\" class=\"GpB5smtV\"><a href=\"https:\/\/fr.tripadvisor.ch\/Restaurant_Review-g188113-d697837-Reviews-Brasserie_Lipp-Zurich.html\" target=\"_blank\" rel=\"noopener noreferrer\"><img decoding=\"async\" id=\"CDSWIDCOELOGO\" class=\"widCOEImg\" src=\"https:\/\/fr.tripadvisor.ch\/img\/cdsi\/img2\/awards\/CoE2017_WidgetAsset-14348-2.png\" alt=\"TripAdvisor\" \/><\/a><\/li>\n<\/ul>\n<\/div>\n<p><script async src=\"https:\/\/www.jscache.com\/wejs?wtype=certificateOfExcellence&amp;uniq=268&amp;locationId=697837&amp;lang=fr_CH&amp;year=2018&amp;display_version=2\"><\/script><\/p>\n<p><script src=\"https:\/\/www.jscache.com\/wejs?wtype=excellent&#038;uniq=636&#038;locationId=697837&#038;lang=de&#038;display_version=2\"><\/script><\/p>\n<p>&nbsp;<\/p>\n<div id=\"TA_cdswritereviewlg721\" class=\"TA_cdswritereviewlg\" align=\"center\">\n<ul class=\"TA_links 6hGEb5\">\n<li style=\"list-style-type: none;\">\n<ul class=\"TA_links 6hGEb5\">\n<li style=\"list-style-type: none;\">\n<ul class=\"TA_links 6hGEb5\">\n<li style=\"list-style-type: none;\">\n<ul class=\"TA_links 6hGEb5\">\n<li style=\"list-style-type: none;\">\n<ul class=\"TA_links 6hGEb5\">\n<li style=\"list-style-type: none;\">\n<ul class=\"TA_links 6hGEb5\">\n<li style=\"list-style-type: none;\">\n<ul class=\"TA_links 6hGEb5\">\n<li style=\"list-style-type: none;\">\n<ul class=\"TA_links 6hGEb5\">\n<li style=\"list-style-type: none;\">\n<ul class=\"TA_links 6hGEb5\">\n<li id=\"Mjdfu8TBn7Z\" class=\"dyTjRyaz\"><a href=\"http:\/\/www.tripadvisor.de\/\" target=\"_blank\" rel=\"noopener noreferrer\"><img decoding=\"async\" src=\"https:\/\/www.tripadvisor.de\/img\/cdsi\/img2\/branding\/medium-logo-12097-2.png\" alt=\"TripAdvisor Reservieren\" \/><\/a><\/li>\n<\/ul>\n<\/li>\n<\/ul>\n<\/li>\n<\/ul>\n<\/li>\n<\/ul>\n<\/li>\n<\/ul>\n<\/li>\n<\/ul>\n<\/li>\n<\/ul>\n<\/li>\n<\/ul>\n<\/li>\n<\/ul>\n<\/div>\n<p><script src=\"https:\/\/www.jscache.com\/wejs?wtype=cdswritereviewlg&#038;uniq=721&#038;locationId=697837&#038;lang=de&#038;border=true\"><\/script><\/p>\n","protected":false},"excerpt":{"rendered":"<p>R\u00e9server en ligne R\u00c9SERVER EN LIGNE Si vous ne pouvez pas r\u00e9server en ligne \u00e0 l&rsquo;heure que vous souhaitez, vous pouvez nous contacter au num\u00e9ro de t\u00e9l\u00e9phone suivant : +41 43 888 66 66. &nbsp;<\/p>\n","protected":false},"author":9,"featured_media":7345,"parent":4021,"menu_order":0,"comment_status":"open","ping_status":"open","template":"","meta":{"footnotes":""},"class_list":["post-3755","page","type-page","status-publish","has-post-thumbnail","hentry"],"yoast_head":"<!-- This site is optimized with the Yoast SEO plugin v27.3 - https:\/\/yoast.com\/product\/yoast-seo-wordpress\/ -->\n<title>R\u00e9servez votre table directement en ligne chez Lipp<\/title>\n<meta name=\"description\" content=\"Que ce soit au petit-d\u00e9jeuner, \u00e0 midi ou simplement pour un caf\u00e9, la Brasserie Lipp, situ\u00e9e \u00e0 deux pas de la Bahnhofstrasse, est avec son restaurant et sa vaste terrasse d\u2019\u00e9t\u00e9 l\u2019un des plus beaux \u00e9tablissements de Zurich.\" \/>\n<meta name=\"robots\" content=\"index, follow, max-snippet:-1, max-image-preview:large, max-video-preview:-1\" \/>\n<link rel=\"canonical\" href=\"https:\/\/www.brasserie-lipp.ch\/fr\/willkommen-in-der-brasserie-lipp-zuerich\/reserver-une-table\/\" \/>\n<meta property=\"og:locale\" content=\"fr_FR\" \/>\n<meta property=\"og:type\" content=\"article\" \/>\n<meta property=\"og:title\" content=\"R\u00e9servez votre table directement en ligne chez Lipp\" \/>\n<meta property=\"og:description\" content=\"Que ce soit au petit-d\u00e9jeuner, \u00e0 midi ou simplement pour un caf\u00e9, la Brasserie Lipp, situ\u00e9e \u00e0 deux pas de la Bahnhofstrasse, est avec son restaurant et sa vaste terrasse d\u2019\u00e9t\u00e9 l\u2019un des plus beaux \u00e9tablissements de Zurich.\" \/>\n<meta property=\"og:url\" content=\"https:\/\/www.brasserie-lipp.ch\/fr\/willkommen-in-der-brasserie-lipp-zuerich\/reserver-une-table\/\" \/>\n<meta property=\"og:site_name\" content=\"Brasserie Lipp\" \/>\n<meta property=\"article:modified_time\" content=\"2023-10-20T08:20:45+00:00\" \/>\n<meta property=\"og:image\" content=\"https:\/\/www.brasserie-lipp.ch\/wp-content\/uploads\/2021\/11\/8.jpg\" \/>\n\t<meta property=\"og:image:width\" content=\"1663\" \/>\n\t<meta property=\"og:image:height\" content=\"587\" \/>\n\t<meta property=\"og:image:type\" content=\"image\/jpeg\" \/>\n<meta name=\"twitter:label1\" content=\"Dur\u00e9e de lecture estim\u00e9e\" \/>\n\t<meta name=\"twitter:data1\" content=\"1 minute\" \/>\n<script type=\"application\/ld+json\" class=\"yoast-schema-graph\">{\"@context\":\"https:\\\/\\\/schema.org\",\"@graph\":[{\"@type\":\"WebPage\",\"@id\":\"https:\\\/\\\/www.brasserie-lipp.ch\\\/fr\\\/willkommen-in-der-brasserie-lipp-zuerich\\\/reserver-une-table\\\/\",\"url\":\"https:\\\/\\\/www.brasserie-lipp.ch\\\/fr\\\/willkommen-in-der-brasserie-lipp-zuerich\\\/reserver-une-table\\\/\",\"name\":\"R\u00e9servez votre table directement en ligne chez Lipp\",\"isPartOf\":{\"@id\":\"https:\\\/\\\/www.brasserie-lipp.ch\\\/#website\"},\"primaryImageOfPage\":{\"@id\":\"https:\\\/\\\/www.brasserie-lipp.ch\\\/fr\\\/willkommen-in-der-brasserie-lipp-zuerich\\\/reserver-une-table\\\/#primaryimage\"},\"image\":{\"@id\":\"https:\\\/\\\/www.brasserie-lipp.ch\\\/fr\\\/willkommen-in-der-brasserie-lipp-zuerich\\\/reserver-une-table\\\/#primaryimage\"},\"thumbnailUrl\":\"https:\\\/\\\/www.brasserie-lipp.ch\\\/wp-content\\\/uploads\\\/2021\\\/11\\\/8.jpg\",\"datePublished\":\"2018-08-31T08:33:29+00:00\",\"dateModified\":\"2023-10-20T08:20:45+00:00\",\"description\":\"Que ce soit au petit-d\u00e9jeuner, \u00e0 midi ou simplement pour un caf\u00e9, la Brasserie Lipp, situ\u00e9e \u00e0 deux pas de la Bahnhofstrasse, est avec son restaurant et sa vaste terrasse d\u2019\u00e9t\u00e9 l\u2019un des plus beaux \u00e9tablissements de Zurich.\",\"breadcrumb\":{\"@id\":\"https:\\\/\\\/www.brasserie-lipp.ch\\\/fr\\\/willkommen-in-der-brasserie-lipp-zuerich\\\/reserver-une-table\\\/#breadcrumb\"},\"inLanguage\":\"fr-FR\",\"potentialAction\":[{\"@type\":\"ReadAction\",\"target\":[\"https:\\\/\\\/www.brasserie-lipp.ch\\\/fr\\\/willkommen-in-der-brasserie-lipp-zuerich\\\/reserver-une-table\\\/\"]}]},{\"@type\":\"ImageObject\",\"inLanguage\":\"fr-FR\",\"@id\":\"https:\\\/\\\/www.brasserie-lipp.ch\\\/fr\\\/willkommen-in-der-brasserie-lipp-zuerich\\\/reserver-une-table\\\/#primaryimage\",\"url\":\"https:\\\/\\\/www.brasserie-lipp.ch\\\/wp-content\\\/uploads\\\/2021\\\/11\\\/8.jpg\",\"contentUrl\":\"https:\\\/\\\/www.brasserie-lipp.ch\\\/wp-content\\\/uploads\\\/2021\\\/11\\\/8.jpg\",\"width\":1663,\"height\":587},{\"@type\":\"BreadcrumbList\",\"@id\":\"https:\\\/\\\/www.brasserie-lipp.ch\\\/fr\\\/willkommen-in-der-brasserie-lipp-zuerich\\\/reserver-une-table\\\/#breadcrumb\",\"itemListElement\":[{\"@type\":\"ListItem\",\"position\":1,\"name\":\"Bienvenue\",\"item\":\"https:\\\/\\\/www.brasserie-lipp.ch\\\/fr\\\/\"},{\"@type\":\"ListItem\",\"position\":2,\"name\":\"R\u00e9server une table\"}]},{\"@type\":\"WebSite\",\"@id\":\"https:\\\/\\\/www.brasserie-lipp.ch\\\/#website\",\"url\":\"https:\\\/\\\/www.brasserie-lipp.ch\\\/\",\"name\":\"Brasserie Lipp\",\"description\":\"So isst Paris.\",\"potentialAction\":[{\"@type\":\"SearchAction\",\"target\":{\"@type\":\"EntryPoint\",\"urlTemplate\":\"https:\\\/\\\/www.brasserie-lipp.ch\\\/?s={search_term_string}\"},\"query-input\":{\"@type\":\"PropertyValueSpecification\",\"valueRequired\":true,\"valueName\":\"search_term_string\"}}],\"inLanguage\":\"fr-FR\"}]}<\/script>\n<!-- \/ Yoast SEO plugin. -->","yoast_head_json":{"title":"R\u00e9servez votre table directement en ligne chez Lipp","description":"Que ce soit au petit-d\u00e9jeuner, \u00e0 midi ou simplement pour un caf\u00e9, la Brasserie Lipp, situ\u00e9e \u00e0 deux pas de la Bahnhofstrasse, est avec son restaurant et sa vaste terrasse d\u2019\u00e9t\u00e9 l\u2019un des plus beaux \u00e9tablissements de Zurich.","robots":{"index":"index","follow":"follow","max-snippet":"max-snippet:-1","max-image-preview":"max-image-preview:large","max-video-preview":"max-video-preview:-1"},"canonical":"https:\/\/www.brasserie-lipp.ch\/fr\/willkommen-in-der-brasserie-lipp-zuerich\/reserver-une-table\/","og_locale":"fr_FR","og_type":"article","og_title":"R\u00e9servez votre table directement en ligne chez Lipp","og_description":"Que ce soit au petit-d\u00e9jeuner, \u00e0 midi ou simplement pour un caf\u00e9, la Brasserie Lipp, situ\u00e9e \u00e0 deux pas de la Bahnhofstrasse, est avec son restaurant et sa vaste terrasse d\u2019\u00e9t\u00e9 l\u2019un des plus beaux \u00e9tablissements de Zurich.","og_url":"https:\/\/www.brasserie-lipp.ch\/fr\/willkommen-in-der-brasserie-lipp-zuerich\/reserver-une-table\/","og_site_name":"Brasserie Lipp","article_modified_time":"2023-10-20T08:20:45+00:00","og_image":[{"width":1663,"height":587,"url":"https:\/\/www.brasserie-lipp.ch\/wp-content\/uploads\/2021\/11\/8.jpg","type":"image\/jpeg"}],"twitter_misc":{"Dur\u00e9e de lecture estim\u00e9e":"1 minute"},"schema":{"@context":"https:\/\/schema.org","@graph":[{"@type":"WebPage","@id":"https:\/\/www.brasserie-lipp.ch\/fr\/willkommen-in-der-brasserie-lipp-zuerich\/reserver-une-table\/","url":"https:\/\/www.brasserie-lipp.ch\/fr\/willkommen-in-der-brasserie-lipp-zuerich\/reserver-une-table\/","name":"R\u00e9servez votre table directement en ligne chez Lipp","isPartOf":{"@id":"https:\/\/www.brasserie-lipp.ch\/#website"},"primaryImageOfPage":{"@id":"https:\/\/www.brasserie-lipp.ch\/fr\/willkommen-in-der-brasserie-lipp-zuerich\/reserver-une-table\/#primaryimage"},"image":{"@id":"https:\/\/www.brasserie-lipp.ch\/fr\/willkommen-in-der-brasserie-lipp-zuerich\/reserver-une-table\/#primaryimage"},"thumbnailUrl":"https:\/\/www.brasserie-lipp.ch\/wp-content\/uploads\/2021\/11\/8.jpg","datePublished":"2018-08-31T08:33:29+00:00","dateModified":"2023-10-20T08:20:45+00:00","description":"Que ce soit au petit-d\u00e9jeuner, \u00e0 midi ou simplement pour un caf\u00e9, la Brasserie Lipp, situ\u00e9e \u00e0 deux pas de la Bahnhofstrasse, est avec son restaurant et sa vaste terrasse d\u2019\u00e9t\u00e9 l\u2019un des plus beaux \u00e9tablissements de Zurich.","breadcrumb":{"@id":"https:\/\/www.brasserie-lipp.ch\/fr\/willkommen-in-der-brasserie-lipp-zuerich\/reserver-une-table\/#breadcrumb"},"inLanguage":"fr-FR","potentialAction":[{"@type":"ReadAction","target":["https:\/\/www.brasserie-lipp.ch\/fr\/willkommen-in-der-brasserie-lipp-zuerich\/reserver-une-table\/"]}]},{"@type":"ImageObject","inLanguage":"fr-FR","@id":"https:\/\/www.brasserie-lipp.ch\/fr\/willkommen-in-der-brasserie-lipp-zuerich\/reserver-une-table\/#primaryimage","url":"https:\/\/www.brasserie-lipp.ch\/wp-content\/uploads\/2021\/11\/8.jpg","contentUrl":"https:\/\/www.brasserie-lipp.ch\/wp-content\/uploads\/2021\/11\/8.jpg","width":1663,"height":587},{"@type":"BreadcrumbList","@id":"https:\/\/www.brasserie-lipp.ch\/fr\/willkommen-in-der-brasserie-lipp-zuerich\/reserver-une-table\/#breadcrumb","itemListElement":[{"@type":"ListItem","position":1,"name":"Bienvenue","item":"https:\/\/www.brasserie-lipp.ch\/fr\/"},{"@type":"ListItem","position":2,"name":"R\u00e9server une table"}]},{"@type":"WebSite","@id":"https:\/\/www.brasserie-lipp.ch\/#website","url":"https:\/\/www.brasserie-lipp.ch\/","name":"Brasserie Lipp","description":"So isst Paris.","potentialAction":[{"@type":"SearchAction","target":{"@type":"EntryPoint","urlTemplate":"https:\/\/www.brasserie-lipp.ch\/?s={search_term_string}"},"query-input":{"@type":"PropertyValueSpecification","valueRequired":true,"valueName":"search_term_string"}}],"inLanguage":"fr-FR"}]}},"_links":{"self":[{"href":"https:\/\/www.brasserie-lipp.ch\/fr\/wp-json\/wp\/v2\/pages\/3755","targetHints":{"allow":["GET"]}}],"collection":[{"href":"https:\/\/www.brasserie-lipp.ch\/fr\/wp-json\/wp\/v2\/pages"}],"about":[{"href":"https:\/\/www.brasserie-lipp.ch\/fr\/wp-json\/wp\/v2\/types\/page"}],"author":[{"embeddable":true,"href":"https:\/\/www.brasserie-lipp.ch\/fr\/wp-json\/wp\/v2\/users\/9"}],"replies":[{"embeddable":true,"href":"https:\/\/www.brasserie-lipp.ch\/fr\/wp-json\/wp\/v2\/comments?post=3755"}],"version-history":[{"count":7,"href":"https:\/\/www.brasserie-lipp.ch\/fr\/wp-json\/wp\/v2\/pages\/3755\/revisions"}],"predecessor-version":[{"id":7767,"href":"https:\/\/www.brasserie-lipp.ch\/fr\/wp-json\/wp\/v2\/pages\/3755\/revisions\/7767"}],"up":[{"embeddable":true,"href":"https:\/\/www.brasserie-lipp.ch\/fr\/wp-json\/wp\/v2\/pages\/4021"}],"wp:featuredmedia":[{"embeddable":true,"href":"https:\/\/www.brasserie-lipp.ch\/fr\/wp-json\/wp\/v2\/media\/7345"}],"wp:attachment":[{"href":"https:\/\/www.brasserie-lipp.ch\/fr\/wp-json\/wp\/v2\/media?parent=3755"}],"curies":[{"name":"wp","href":"https:\/\/api.w.org\/{rel}","templated":true}]}}