{"id":3948,"date":"2018-08-31T10:43:26","date_gmt":"2018-08-31T08:43:26","guid":{"rendered":"https:\/\/www.brasserie-lipp.ch\/restaurant\/"},"modified":"2018-10-08T10:12:11","modified_gmt":"2018-10-08T08:12:11","slug":"restaurant","status":"publish","type":"page","link":"https:\/\/www.brasserie-lipp.ch\/fr\/restaurant\/","title":{"rendered":"Restaurant"},"content":{"rendered":"<div class=\"grid2column\"><\/p>\n<h2>Bienvenue \u00e0 la Brasserie Lipp!<\/h2>\n<p>Notre restaurant: le temple de la cuisine de brasserie \u00e0 la fran\u00e7aise avec le charme particulier de la Belle \u00c9poque. Une cuisine bourgeoise typique de l\u2019Hexagone qui ravit gastronomes et amateurs de fruits de mer, d\u2019hu\u00eetres et de bons vins. Sans oublier une belle s\u00e9lection de champagnes et de vins mousseux.<br \/>\nPetits-d\u00e9jeuners, repas d\u2019affaires ou d\u00eeners, Lipp est le lieu r\u00eav\u00e9 pour rendre chaque moment inoubliable. Si vous appr\u00e9ciez les ambiances chaleureuses et d\u00e9contract\u00e9es, vous \u00eates \u00e0 la bonne adresse!<br \/>\n<strong><a href=\"https:\/\/www.brasserie-lipp.ch\/fr\/willkommen-in-der-brasserie-lipp-zuerich\/reserver-une-table\/\">R\u00e9servez directement en ligne<\/a><\/strong><br \/>\n&nbsp;<br \/>\n&nbsp;<br \/>\n<img loading=\"lazy\" decoding=\"async\" class=\"alignnone wp-image-302 size-large\" src=\"https:\/\/www.brasserie-lipp.ch\/wp-content\/uploads\/2014\/03\/Restaurant1-1024x361.jpg\" alt=\"Restaurant Brasserie Lipp\" width=\"640\" height=\"225\" srcset=\"https:\/\/www.brasserie-lipp.ch\/wp-content\/uploads\/2014\/03\/Restaurant1-1024x361.jpg 1024w, https:\/\/www.brasserie-lipp.ch\/wp-content\/uploads\/2014\/03\/Restaurant1-300x105.jpg 300w, https:\/\/www.brasserie-lipp.ch\/wp-content\/uploads\/2014\/03\/Restaurant1-1140x402.jpg 1140w, https:\/\/www.brasserie-lipp.ch\/wp-content\/uploads\/2014\/03\/Restaurant1.jpg 2000w\" sizes=\"auto, (max-width: 640px) 100vw, 640px\" \/><br \/>\n<\/div>\n<div class=\"grid2column lastcolumn\"><img loading=\"lazy\" decoding=\"async\" class=\"alignnone wp-image-308 size-large\" src=\"https:\/\/www.brasserie-lipp.ch\/wp-content\/uploads\/2014\/03\/Res_2-1024x361.jpg\" alt=\"Restaurant Brasserie Lipp\" width=\"1024\" height=\"361\" srcset=\"https:\/\/www.brasserie-lipp.ch\/wp-content\/uploads\/2014\/03\/Res_2-1024x361.jpg 1024w, https:\/\/www.brasserie-lipp.ch\/wp-content\/uploads\/2014\/03\/Res_2-300x105.jpg 300w, https:\/\/www.brasserie-lipp.ch\/wp-content\/uploads\/2014\/03\/Res_2-1140x402.jpg 1140w, https:\/\/www.brasserie-lipp.ch\/wp-content\/uploads\/2014\/03\/Res_2.jpg 2000w\" sizes=\"auto, (max-width: 1024px) 100vw, 1024px\" \/><\/p>\n<h2>Actualit\u00e9s<\/h2>\n<p>De mi-juillet \u00e0 fin-ao\u00fbt, la Brasserie Lipp est ferm\u00e9e le dimanche midi. Nous avons le plaisir d\u2019accueillir notre aimable client\u00e8le d\u00e8s 17 h. \u2028<\/p>\n<p>D\u00e8s septembre, la cuisine est assur\u00e9e en continu du lundi au dimanche, de 12 h \u00e0 23 h.<br \/>\n<\/div><div class=\"clearfix\"><\/div>\n","protected":false},"excerpt":{"rendered":"","protected":false},"author":9,"featured_media":0,"parent":0,"menu_order":0,"comment_status":"open","ping_status":"closed","template":"","meta":{"footnotes":""},"class_list":["post-3948","page","type-page","status-publish","hentry"],"yoast_head":"<!-- This site is optimized with the Yoast SEO plugin v27.3 - https:\/\/yoast.com\/product\/yoast-seo-wordpress\/ -->\n<title>Restaurant de la Brasserie Lipp \u00e0 Zurich<\/title>\n<meta name=\"description\" content=\"Notre restaurant: le temple de la cuisine de brasserie \u00e0 la fran\u00e7aise avec le charme particulier de la Belle \u00c9poque.\" \/>\n<meta name=\"robots\" content=\"index, follow, max-snippet:-1, max-image-preview:large, max-video-preview:-1\" \/>\n<link rel=\"canonical\" href=\"https:\/\/www.brasserie-lipp.ch\/fr\/restaurant\/\" \/>\n<meta property=\"og:locale\" content=\"fr_FR\" \/>\n<meta property=\"og:type\" content=\"article\" \/>\n<meta property=\"og:title\" content=\"Restaurant de la Brasserie Lipp \u00e0 Zurich\" \/>\n<meta property=\"og:description\" content=\"Notre restaurant: le temple de la cuisine de brasserie \u00e0 la fran\u00e7aise avec le charme particulier de la Belle \u00c9poque.\" \/>\n<meta property=\"og:url\" content=\"https:\/\/www.brasserie-lipp.ch\/fr\/restaurant\/\" \/>\n<meta property=\"og:site_name\" content=\"Brasserie Lipp\" \/>\n<meta property=\"article:modified_time\" content=\"2018-10-08T08:12:11+00:00\" \/>\n<meta property=\"og:image\" content=\"https:\/\/www.brasserie-lipp.ch\/wp-content\/uploads\/2014\/03\/Restaurant1-1024x361.jpg\" \/>\n<meta name=\"twitter:label1\" content=\"Dur\u00e9e de lecture estim\u00e9e\" \/>\n\t<meta name=\"twitter:data1\" content=\"1 minute\" \/>\n<script type=\"application\/ld+json\" class=\"yoast-schema-graph\">{\"@context\":\"https:\\\/\\\/schema.org\",\"@graph\":[{\"@type\":\"WebPage\",\"@id\":\"https:\\\/\\\/www.brasserie-lipp.ch\\\/fr\\\/restaurant\\\/\",\"url\":\"https:\\\/\\\/www.brasserie-lipp.ch\\\/fr\\\/restaurant\\\/\",\"name\":\"Restaurant de la Brasserie Lipp \u00e0 Zurich\",\"isPartOf\":{\"@id\":\"https:\\\/\\\/www.brasserie-lipp.ch\\\/#website\"},\"primaryImageOfPage\":{\"@id\":\"https:\\\/\\\/www.brasserie-lipp.ch\\\/fr\\\/restaurant\\\/#primaryimage\"},\"image\":{\"@id\":\"https:\\\/\\\/www.brasserie-lipp.ch\\\/fr\\\/restaurant\\\/#primaryimage\"},\"thumbnailUrl\":\"https:\\\/\\\/www.brasserie-lipp.ch\\\/wp-content\\\/uploads\\\/2014\\\/03\\\/Restaurant1-1024x361.jpg\",\"datePublished\":\"2018-08-31T08:43:26+00:00\",\"dateModified\":\"2018-10-08T08:12:11+00:00\",\"description\":\"Notre restaurant: le temple de la cuisine de brasserie \u00e0 la fran\u00e7aise avec le charme particulier de la Belle \u00c9poque.\",\"inLanguage\":\"fr-FR\",\"potentialAction\":[{\"@type\":\"ReadAction\",\"target\":[\"https:\\\/\\\/www.brasserie-lipp.ch\\\/fr\\\/restaurant\\\/\"]}]},{\"@type\":\"ImageObject\",\"inLanguage\":\"fr-FR\",\"@id\":\"https:\\\/\\\/www.brasserie-lipp.ch\\\/fr\\\/restaurant\\\/#primaryimage\",\"url\":\"https:\\\/\\\/www.brasserie-lipp.ch\\\/wp-content\\\/uploads\\\/2014\\\/03\\\/Restaurant1-1024x361.jpg\",\"contentUrl\":\"https:\\\/\\\/www.brasserie-lipp.ch\\\/wp-content\\\/uploads\\\/2014\\\/03\\\/Restaurant1-1024x361.jpg\"},{\"@type\":\"WebSite\",\"@id\":\"https:\\\/\\\/www.brasserie-lipp.ch\\\/#website\",\"url\":\"https:\\\/\\\/www.brasserie-lipp.ch\\\/\",\"name\":\"Brasserie Lipp\",\"description\":\"So isst Paris.\",\"potentialAction\":[{\"@type\":\"SearchAction\",\"target\":{\"@type\":\"EntryPoint\",\"urlTemplate\":\"https:\\\/\\\/www.brasserie-lipp.ch\\\/?s={search_term_string}\"},\"query-input\":{\"@type\":\"PropertyValueSpecification\",\"valueRequired\":true,\"valueName\":\"search_term_string\"}}],\"inLanguage\":\"fr-FR\"}]}<\/script>\n<!-- \/ Yoast SEO plugin. -->","yoast_head_json":{"title":"Restaurant de la Brasserie Lipp \u00e0 Zurich","description":"Notre restaurant: le temple de la cuisine de brasserie \u00e0 la fran\u00e7aise avec le charme particulier de la Belle \u00c9poque.","robots":{"index":"index","follow":"follow","max-snippet":"max-snippet:-1","max-image-preview":"max-image-preview:large","max-video-preview":"max-video-preview:-1"},"canonical":"https:\/\/www.brasserie-lipp.ch\/fr\/restaurant\/","og_locale":"fr_FR","og_type":"article","og_title":"Restaurant de la Brasserie Lipp \u00e0 Zurich","og_description":"Notre restaurant: le temple de la cuisine de brasserie \u00e0 la fran\u00e7aise avec le charme particulier de la Belle \u00c9poque.","og_url":"https:\/\/www.brasserie-lipp.ch\/fr\/restaurant\/","og_site_name":"Brasserie Lipp","article_modified_time":"2018-10-08T08:12:11+00:00","og_image":[{"url":"https:\/\/www.brasserie-lipp.ch\/wp-content\/uploads\/2014\/03\/Restaurant1-1024x361.jpg","type":"","width":"","height":""}],"twitter_misc":{"Dur\u00e9e de lecture estim\u00e9e":"1 minute"},"schema":{"@context":"https:\/\/schema.org","@graph":[{"@type":"WebPage","@id":"https:\/\/www.brasserie-lipp.ch\/fr\/restaurant\/","url":"https:\/\/www.brasserie-lipp.ch\/fr\/restaurant\/","name":"Restaurant de la Brasserie Lipp \u00e0 Zurich","isPartOf":{"@id":"https:\/\/www.brasserie-lipp.ch\/#website"},"primaryImageOfPage":{"@id":"https:\/\/www.brasserie-lipp.ch\/fr\/restaurant\/#primaryimage"},"image":{"@id":"https:\/\/www.brasserie-lipp.ch\/fr\/restaurant\/#primaryimage"},"thumbnailUrl":"https:\/\/www.brasserie-lipp.ch\/wp-content\/uploads\/2014\/03\/Restaurant1-1024x361.jpg","datePublished":"2018-08-31T08:43:26+00:00","dateModified":"2018-10-08T08:12:11+00:00","description":"Notre restaurant: le temple de la cuisine de brasserie \u00e0 la fran\u00e7aise avec le charme particulier de la Belle \u00c9poque.","inLanguage":"fr-FR","potentialAction":[{"@type":"ReadAction","target":["https:\/\/www.brasserie-lipp.ch\/fr\/restaurant\/"]}]},{"@type":"ImageObject","inLanguage":"fr-FR","@id":"https:\/\/www.brasserie-lipp.ch\/fr\/restaurant\/#primaryimage","url":"https:\/\/www.brasserie-lipp.ch\/wp-content\/uploads\/2014\/03\/Restaurant1-1024x361.jpg","contentUrl":"https:\/\/www.brasserie-lipp.ch\/wp-content\/uploads\/2014\/03\/Restaurant1-1024x361.jpg"},{"@type":"WebSite","@id":"https:\/\/www.brasserie-lipp.ch\/#website","url":"https:\/\/www.brasserie-lipp.ch\/","name":"Brasserie Lipp","description":"So isst Paris.","potentialAction":[{"@type":"SearchAction","target":{"@type":"EntryPoint","urlTemplate":"https:\/\/www.brasserie-lipp.ch\/?s={search_term_string}"},"query-input":{"@type":"PropertyValueSpecification","valueRequired":true,"valueName":"search_term_string"}}],"inLanguage":"fr-FR"}]}},"_links":{"self":[{"href":"https:\/\/www.brasserie-lipp.ch\/fr\/wp-json\/wp\/v2\/pages\/3948","targetHints":{"allow":["GET"]}}],"collection":[{"href":"https:\/\/www.brasserie-lipp.ch\/fr\/wp-json\/wp\/v2\/pages"}],"about":[{"href":"https:\/\/www.brasserie-lipp.ch\/fr\/wp-json\/wp\/v2\/types\/page"}],"author":[{"embeddable":true,"href":"https:\/\/www.brasserie-lipp.ch\/fr\/wp-json\/wp\/v2\/users\/9"}],"replies":[{"embeddable":true,"href":"https:\/\/www.brasserie-lipp.ch\/fr\/wp-json\/wp\/v2\/comments?post=3948"}],"version-history":[{"count":1,"href":"https:\/\/www.brasserie-lipp.ch\/fr\/wp-json\/wp\/v2\/pages\/3948\/revisions"}],"predecessor-version":[{"id":4282,"href":"https:\/\/www.brasserie-lipp.ch\/fr\/wp-json\/wp\/v2\/pages\/3948\/revisions\/4282"}],"wp:attachment":[{"href":"https:\/\/www.brasserie-lipp.ch\/fr\/wp-json\/wp\/v2\/media?parent=3948"}],"curies":[{"name":"wp","href":"https:\/\/api.w.org\/{rel}","templated":true}]}}