{"id":4288,"date":"2018-10-08T10:39:05","date_gmt":"2018-10-08T08:39:05","guid":{"rendered":"https:\/\/www.brasserie-lipp.ch\/mentions-legales\/"},"modified":"2018-10-08T10:39:05","modified_gmt":"2018-10-08T08:39:05","slug":"mentions-legales","status":"publish","type":"page","link":"https:\/\/www.brasserie-lipp.ch\/fr\/mentions-legales\/","title":{"rendered":"Mentions l\u00e9gales"},"content":{"rendered":"<div class=\"Mentions l\u00e9gales\">\n<h2>Personnes en droit de repr\u00e9senter<\/h2>\n<p>Reto Candrian<\/p>\n<h2>Inscription au registre du commerce<\/h2>\n<p>Raison sociale enregistr\u00e9e: Candrian Catering AG<br \/>\nNum\u00e9ro: CHE-102.851.558 TVA \/ RC<\/p>\n<h2>Exclusion de la responsabilit\u00e9<\/h2>\n<p>L\u2019auteur n\u2019assume aucune garantie quant \u00e0 l\u2019exactitude, la pr\u00e9cision, le caract\u00e8re actuel, la fiabilit\u00e9 ou l\u2019exhaustivit\u00e9 des informations.<br \/>\nLes actions en responsabilit\u00e9 adress\u00e9es \u00e0 l\u2019encontre de l\u2019auteur pour des dommages de nature mat\u00e9rielle ou immat\u00e9rielle r\u00e9sultant de l\u2019acc\u00e8s ou de l\u2019utilisation respectivement de la non-utilisation des informations publi\u00e9es, de l\u2019usage abusif de la connexion ou de dysfonctionnements techniques sont exclues.<br \/>\nToutes les offres sont sans engagement. L\u2019auteur se r\u00e9serve express\u00e9ment le droit de modifier, de compl\u00e9ter, de supprimer ou d\u2019interrompre temporairement ou d\u00e9finitivement la publication de parties du site ou de l\u2019ensemble de l\u2019offre sans avertissement particulier.<\/p>\n<h2>Responsabilit\u00e9 quant aux liens<\/h2>\n<p>Les renvois et liens vers des sites tiers sont en-dehors de notre domaine de responsabilit\u00e9. Nous d\u00e9clinons toute responsabilit\u00e9 pour ce type de sites. L\u2019acc\u00e8s et l\u2019utilisation de tels sites se font aux risques et p\u00e9rils de l\u2019utilisateur ou de l\u2019utilisatrice.<\/p>\n<h2>Droits d\u2019auteur<\/h2>\n<p>Les droits d\u2019auteur et autres droits li\u00e9s aux contenus, images, photos ou autres donn\u00e9es pr\u00e9sents sur ce site sont la propri\u00e9t\u00e9 exclusive de l\u2019entreprise Candrian Catering AG ou des titulaires de droits sp\u00e9cifiquement nomm\u00e9s. Toute reproduction, int\u00e9grale ou partielle, est soumise \u00e0 l\u2019autorisation \u00e9crite pr\u00e9alable du d\u00e9tenteur desdits droits.<\/p>\n<h2>D\u00e9claration de protection des donn\u00e9es pour l\u2019utilisation de Google Analytics<\/h2>\n<p>Ce site web utilise Google Analytics, un service d\u2019analyse en ligne de Google Inc. (\u00abGoogle\u00bb). Google Analytics utilise ce que l\u2019on appelle des \u00abcookies\u00bb, des fichiers texte enregistr\u00e9s sur votre ordinateur qui permettent d\u2019analyser votre utilisation du site web. Les informations g\u00e9n\u00e9r\u00e9es par les cookies sur votre utilisation du site web sont en r\u00e8gle g\u00e9n\u00e9rale envoy\u00e9es au serveur de Google aux Etats-Unis, o\u00f9 elles sont enregistr\u00e9es. Dans le cas o\u00f9 l\u2019anonymisation IP serait activ\u00e9e, votre adresse IP est alors abr\u00e9g\u00e9e auparavant par Google \u00e0 l\u2019int\u00e9rieur d\u2019un pays membre de l\u2019Union europ\u00e9enne ou dans un autre pays signataire de l\u2019accord sur l\u2019Espace \u00e9conomique europ\u00e9en.<br \/>\nDans des cas exceptionnels uniquement, l\u2019adresse IP compl\u00e8te est transmise au serveur de Google aux Etats-Unis, o\u00f9 elle est alors abr\u00e9g\u00e9e. Google se servira de ces informations pour effectuer une \u00e9valuation de votre utilisation du site web, pour \u00e9tablir des rapports sur les activit\u00e9s sur le site web pour ses exploitants et pour mettre en \u00e9vidence d\u2019autres prestations de services li\u00e9es \u00e0 l\u2019utilisation du site web et d\u2019Internet. Google transmettra \u00e9galement ces informations le cas \u00e9ch\u00e9ant \u00e0 des tiers, dans la mesure o\u00f9 la loi le lui impose, ou si ces tiers traitent ces donn\u00e9es sur mandat de Google. L\u2019adresse IP transmise par votre programme de navigation dans le cadre de Google Analytics ne sera pas mise en relation avec d\u2019autres donn\u00e9es de Google.<br \/>\nVous pouvez bloquer l\u2019installation de cookies en effectuant les param\u00e9trages correspondants dans votre programme de navigation; nous attirons cependant votre attention sur le fait que dans ce cas, vous ne serez \u00e9ventuellement plus en mesure d\u2019utiliser pleinement l\u2019ensemble des fonctions de ce site web. En utilisant ce site web, vous d\u00e9clarez accepter que Google traite les donn\u00e9es relev\u00e9es sur vous de la mani\u00e8re d\u00e9crite plus haut et dans le but pr\u00e9cit\u00e9.<\/p>\n<h2>Source<\/h2>\n<p>Les pr\u00e9sentes mentions l\u00e9gales ont \u00e9t\u00e9 \u00e9tablies le 2 ao\u00fbt 2018 \u00e0 l\u2019aide du g\u00e9n\u00e9rateur de mentions l\u00e9gales http:\/\/www.bag.ch\/impressum-generator de la soci\u00e9t\u00e9 Brunner Medien AG \u00e0 Kriens.<br \/>\nLa soci\u00e9t\u00e9 Brunner Medien AG \u00e0 Kriens n\u2019endosse aucune responsabilit\u00e9.<\/p>\n<\/div>\n","protected":false},"excerpt":{"rendered":"<p>Personnes en droit de repr\u00e9senter Reto Candrian Inscription au registre du commerce Raison sociale enregistr\u00e9e: Candrian Catering AG Num\u00e9ro: CHE-102.851.558 TVA \/ RC Exclusion de la responsabilit\u00e9 L\u2019auteur n\u2019assume aucune garantie quant \u00e0 l\u2019exactitude, la pr\u00e9cision, le caract\u00e8re actuel, la fiabilit\u00e9 ou l\u2019exhaustivit\u00e9 des informations. Les actions en responsabilit\u00e9 adress\u00e9es \u00e0 l\u2019encontre de l\u2019auteur pour [&hellip;]<\/p>\n","protected":false},"author":9,"featured_media":0,"parent":0,"menu_order":0,"comment_status":"open","ping_status":"open","template":"","meta":{"footnotes":""},"class_list":["post-4288","page","type-page","status-publish","hentry"],"yoast_head":"<!-- This site is optimized with the Yoast SEO plugin v27.5 - https:\/\/yoast.com\/product\/yoast-seo-wordpress\/ -->\n<title>Mentions l\u00e9gales - Brasserie Lipp<\/title>\n<meta name=\"description\" content=\"Mentions l\u00e9gales de la Brasserie Lipp\" \/>\n<meta name=\"robots\" content=\"index, follow, max-snippet:-1, max-image-preview:large, max-video-preview:-1\" \/>\n<link rel=\"canonical\" href=\"https:\/\/www.brasserie-lipp.ch\/?page_id=250\" \/>\n<meta property=\"og:locale\" content=\"fr_FR\" \/>\n<meta property=\"og:type\" content=\"article\" \/>\n<meta property=\"og:title\" content=\"Mentions l\u00e9gales - Brasserie Lipp\" \/>\n<meta property=\"og:description\" content=\"Mentions l\u00e9gales de la Brasserie Lipp\" \/>\n<meta property=\"og:url\" content=\"https:\/\/www.brasserie-lipp.ch\/?page_id=250\" \/>\n<meta property=\"og:site_name\" content=\"Brasserie Lipp\" \/>\n<meta name=\"twitter:label1\" content=\"Dur\u00e9e de lecture estim\u00e9e\" \/>\n\t<meta name=\"twitter:data1\" content=\"3 minutes\" \/>\n<script type=\"application\/ld+json\" class=\"yoast-schema-graph\">{\"@context\":\"https:\\\/\\\/schema.org\",\"@graph\":[{\"@type\":\"WebPage\",\"@id\":\"https:\\\/\\\/www.brasserie-lipp.ch\\\/?page_id=250\",\"url\":\"https:\\\/\\\/www.brasserie-lipp.ch\\\/?page_id=250\",\"name\":\"Mentions l\u00e9gales - Brasserie Lipp\",\"isPartOf\":{\"@id\":\"https:\\\/\\\/www.brasserie-lipp.ch\\\/#website\"},\"datePublished\":\"2018-10-08T08:39:05+00:00\",\"description\":\"Mentions l\u00e9gales de la Brasserie Lipp\",\"inLanguage\":\"fr-FR\",\"potentialAction\":[{\"@type\":\"ReadAction\",\"target\":[\"https:\\\/\\\/www.brasserie-lipp.ch\\\/?page_id=250\"]}]},{\"@type\":\"WebSite\",\"@id\":\"https:\\\/\\\/www.brasserie-lipp.ch\\\/#website\",\"url\":\"https:\\\/\\\/www.brasserie-lipp.ch\\\/\",\"name\":\"Brasserie Lipp\",\"description\":\"So isst Paris.\",\"potentialAction\":[{\"@type\":\"SearchAction\",\"target\":{\"@type\":\"EntryPoint\",\"urlTemplate\":\"https:\\\/\\\/www.brasserie-lipp.ch\\\/?s={search_term_string}\"},\"query-input\":{\"@type\":\"PropertyValueSpecification\",\"valueRequired\":true,\"valueName\":\"search_term_string\"}}],\"inLanguage\":\"fr-FR\"}]}<\/script>\n<!-- \/ Yoast SEO plugin. -->","yoast_head_json":{"title":"Mentions l\u00e9gales - Brasserie Lipp","description":"Mentions l\u00e9gales de la Brasserie Lipp","robots":{"index":"index","follow":"follow","max-snippet":"max-snippet:-1","max-image-preview":"max-image-preview:large","max-video-preview":"max-video-preview:-1"},"canonical":"https:\/\/www.brasserie-lipp.ch\/?page_id=250","og_locale":"fr_FR","og_type":"article","og_title":"Mentions l\u00e9gales - Brasserie Lipp","og_description":"Mentions l\u00e9gales de la Brasserie Lipp","og_url":"https:\/\/www.brasserie-lipp.ch\/?page_id=250","og_site_name":"Brasserie Lipp","twitter_misc":{"Dur\u00e9e de lecture estim\u00e9e":"3 minutes"},"schema":{"@context":"https:\/\/schema.org","@graph":[{"@type":"WebPage","@id":"https:\/\/www.brasserie-lipp.ch\/?page_id=250","url":"https:\/\/www.brasserie-lipp.ch\/?page_id=250","name":"Mentions l\u00e9gales - Brasserie Lipp","isPartOf":{"@id":"https:\/\/www.brasserie-lipp.ch\/#website"},"datePublished":"2018-10-08T08:39:05+00:00","description":"Mentions l\u00e9gales de la Brasserie Lipp","inLanguage":"fr-FR","potentialAction":[{"@type":"ReadAction","target":["https:\/\/www.brasserie-lipp.ch\/?page_id=250"]}]},{"@type":"WebSite","@id":"https:\/\/www.brasserie-lipp.ch\/#website","url":"https:\/\/www.brasserie-lipp.ch\/","name":"Brasserie Lipp","description":"So isst Paris.","potentialAction":[{"@type":"SearchAction","target":{"@type":"EntryPoint","urlTemplate":"https:\/\/www.brasserie-lipp.ch\/?s={search_term_string}"},"query-input":{"@type":"PropertyValueSpecification","valueRequired":true,"valueName":"search_term_string"}}],"inLanguage":"fr-FR"}]}},"_links":{"self":[{"href":"https:\/\/www.brasserie-lipp.ch\/fr\/wp-json\/wp\/v2\/pages\/4288","targetHints":{"allow":["GET"]}}],"collection":[{"href":"https:\/\/www.brasserie-lipp.ch\/fr\/wp-json\/wp\/v2\/pages"}],"about":[{"href":"https:\/\/www.brasserie-lipp.ch\/fr\/wp-json\/wp\/v2\/types\/page"}],"author":[{"embeddable":true,"href":"https:\/\/www.brasserie-lipp.ch\/fr\/wp-json\/wp\/v2\/users\/9"}],"replies":[{"embeddable":true,"href":"https:\/\/www.brasserie-lipp.ch\/fr\/wp-json\/wp\/v2\/comments?post=4288"}],"version-history":[{"count":0,"href":"https:\/\/www.brasserie-lipp.ch\/fr\/wp-json\/wp\/v2\/pages\/4288\/revisions"}],"wp:attachment":[{"href":"https:\/\/www.brasserie-lipp.ch\/fr\/wp-json\/wp\/v2\/media?parent=4288"}],"curies":[{"name":"wp","href":"https:\/\/api.w.org\/{rel}","templated":true}]}}