{"id":4304,"date":"2018-10-10T13:42:16","date_gmt":"2018-10-10T11:42:16","guid":{"rendered":"https:\/\/www.brasserie-lipp.ch\/?page_id=4304"},"modified":"2018-10-10T13:42:50","modified_gmt":"2018-10-10T11:42:50","slug":"declaration-de-protection-des-donnees","status":"publish","type":"page","link":"https:\/\/www.brasserie-lipp.ch\/fr\/declaration-de-protection-des-donnees\/","title":{"rendered":"D\u00e9claration de protection des donn\u00e9es"},"content":{"rendered":"<h2>Protection des donn\u00e9es<\/h2>\n<p>Les exploitants de ces pages prennent tr\u00e8s au s\u00e9rieux la protection de vos donn\u00e9es personnelles. Nous traitons vos donn\u00e9es personnelles de fa\u00e7on confidentielle et conform\u00e9ment aux prescriptions l\u00e9gales en la mati\u00e8re et \u00e0 la pr\u00e9sente d\u00e9claration sur la protection des donn\u00e9es.<br \/>\nL\u2019utilisation de notre site web est g\u00e9n\u00e9ralement possible sans avoir \u00e0 fournir de donn\u00e9es personnelles. La collecte de donn\u00e9es personnelles sur nos pages (par exemple nom, adresse ou adresse e-mail) est, dans la mesure du possible, facultative. Ces donn\u00e9es ne sont pas transmises \u00e0 des tiers sans votre autorisation expresse. Nous attirons votre attention sur le fait que la transmission de donn\u00e9es sur Internet (p. ex. lors de communications par e-mail) peut pr\u00e9senter des lacunes de s\u00e9curit\u00e9. Une protection infaillible des donn\u00e9es contre l\u2019acc\u00e8s par des tiers n\u2019est pas possible.<\/p>\n<p><b>Personne en droit de repr\u00e9senter<\/b><br \/>\nReto Candrian<br \/>\nCandrian Catering AG<br \/>\nBahnhofplatz 15<br \/>\n8001 Z\u00fcrich<br \/>\nSchweiz<\/p>\n<p>T\u00e9l\u00e9phone: +41 44 217 15 15<br \/>\nAdresse e-mail: info@candriancatering.ch<\/p>\n<p><b>Cookies<\/b><br \/>\nLes pages web utilisent parfois des cookies. Les cookies ne causent pas de dommages \u00e0 votre ordinateur et ne contiennent pas de virus. Les cookies servent \u00e0 rendre notre offre plus conviviale, plus efficace et plus s\u00fbre. Les cookies sont de petits fichiers texte qui sont archiv\u00e9s sur votre ordinateur et que votre navigateur enregistre. La plupart des cookies que nous utilisons sont des \u00abcookies de session\u00bb. Ils sont automatiquement supprim\u00e9s \u00e0 l\u2019issue de votre visite. D\u2019autres cookies restent enregistr\u00e9s sur votre terminal jusqu\u2019\u00e0 ce que vous les supprimiez. Ces cookies nous permettent de reconna\u00eetre votre navigateur lors de votre prochaine visite. Vous pouvez configurer votre navigateur de fa\u00e7on \u00e0 \u00eatre inform\u00e9 de l\u2019installation de cookies et \u00e0 n\u2019autoriser les cookies que de cas en cas, \u00e0 exclure l\u2019acceptation des cookies dans des cas d\u00e9termin\u00e9s ou de fa\u00e7on g\u00e9n\u00e9rale et \u00e0 activer la suppression automatique des cookies \u00e0 la fermeture du navigateur. La d\u00e9sactivation des cookies peut limiter la fonctionnalit\u00e9 du pr\u00e9sent site web. <\/p>\n<p><b>Donn\u00e9es de la newsletter<\/b><br \/>\nSi vous souhaitez recevoir la newsletter propos\u00e9e sur le site web, nous avons besoin de votre adresse e-mail et d\u2019informations qui nous permettent de v\u00e9rifier que vous \u00eates le titulaire de l\u2019adresse e-mail indiqu\u00e9e et que vous acceptez de recevoir la newsletter. Nous ne collectons pas d\u2019autres donn\u00e9es. Nous utilisons exclusivement ces donn\u00e9es pour l\u2019envoi des informations demand\u00e9es et nous ne les transmettons pas \u00e0 des tiers. L\u2019autorisation d\u2019enregistrer des donn\u00e9es et l\u2019adresse e-mail et de les utiliser pour l\u2019envoi de la newsletter peut \u00eatre r\u00e9voqu\u00e9e \u00e0 tout moment \u00e0 l\u2019aide du lien \u00abInterruption\u00bb figurant dans la newsletter.<\/p>\n<p><b>Google Analytics<\/b><br \/>\nLe pr\u00e9sent site web utilise certaines fonctions du service d\u2019analyse web Google Analytics. Le fournisseur est Google Inc. 1600 Amphitheatre Parkway Mountain View, CA 94043, Etats-Unis. Google Analytics utilise des \u00abcookies\u00bb. Il s\u2019agit de fichiers texte enregistr\u00e9s sur votre ordinateur et qui permettent d\u2019analyser votre utilisation du site web. Les informations g\u00e9n\u00e9r\u00e9es par le cookie concernant votre utilisation de ce site web sont g\u00e9n\u00e9ralement transmises \u00e0 un serveur de Google aux Etats-Unis, o\u00f9 elles sont enregistr\u00e9es.<\/p>\n<p><b>Google AdWords<\/b><br \/>\nCe site utilise Google AdWords, un service analytique de Google, et aussi l\u2019outil de suivi des conversions de Google AdWords. Google AdWords installe un cookie de suivi des conversions dans votre navigateur (appel\u00e9 \u00abcookie de conversion\u00bb) d\u00e8s que vous cliquez sur une publicit\u00e9 fournie par Google. Ces cookies perdent leur validit\u00e9 apr\u00e8s 30 jours et ne sont pas utilis\u00e9s pour l\u2019identification personnelle. Si vous visitez des pages sp\u00e9cifiques sur notre site, Google et nous-m\u00eames pouvons savoir que vous avez \u00e9t\u00e9 dirig\u00e9 sur ces pages en cliquant sur une publicit\u00e9.<br \/>\nLes donn\u00e9es obtenues gr\u00e2ce aux cookies de conversion sont utilis\u00e9es pour le suivi statistique des clients AdWords qui utilisent le suivi des conversions. Ces statistiques nous renseignent sur le nombre total d\u2019utilisateurs ayant cliqu\u00e9 sur une publicit\u00e9 fournie par Google et ouvert une page avec un rep\u00e8re de suivi de conversion.<br \/>\nAu-del\u00e0 de ces outils de suivi de conversion, nous utilisons parfois aussi les fonctionnalit\u00e9s suivantes:<\/p>\n<ul>\n<li>remarketing<\/li>\n<li>groupes cibles avec int\u00e9r\u00eats communs<\/li>\n<li>groupes cibles d\u00e9finis par utilisateur avec int\u00e9r\u00eats communs<\/li>\n<li>groupes cibles pr\u00eats \u00e0 acheter<\/li>\n<li>groupes cibles identiques<\/li>\n<li>orientation d\u00e9mographique et g\u00e9ographique<\/li>\n<\/ul>\n<p>Avec la fonction remarketing de Google, nous ciblons des utilisateurs qui ont d\u00e9j\u00e0 visit\u00e9 notre site web. Cela nous permet de pr\u00e9senter notre publicit\u00e9 \u00e0 des groupes cibles qui s\u2019int\u00e9ressent d\u00e9j\u00e0 \u00e0 nos produits ou prestations. AdWords utilise \u00e9galement le comportement des utilisateurs sur les sites du r\u00e9seau publicitaire de Google (\u00abDisplay Network\u00bb) au cours des 30 derniers jours et le moteur de recherche contextuelle pour d\u00e9terminer les int\u00e9r\u00eats et traits communs des utilisateurs de notre site web.<\/p>\n<p>Sur la base de ces informations, AdWords trouve alors de nouveaux clients potentiels \u00e0 des fins de marketing dont les int\u00e9r\u00eats et les caract\u00e9ristiques sont similaires \u00e0 ceux des utilisateurs de notre site web. Le remarketing cibl\u00e9 s\u2019effectue par l\u2019utilisation combin\u00e9e de cookies, tels que les cookies Google Analytics et les cookies Google DoubleClick.<br \/>\nVous trouverez d\u2019autres informations sur les conditions d\u2019utilisation et la protection des donn\u00e9es dans le cadre de Google AdWords \u00e0 l\u2019adresse: http:\/\/www.google.de\/policies\/technologies\/ads\/.\u200b<\/p>\n<p><b>Plugin navigateur<\/b><br \/>\nVous pouvez emp\u00eacher le placement de cookies en proc\u00e9dant \u00e0 un r\u00e9glage correspondant de votre navigateur; nous attirons toutefois votre attention sur le fait que vous ne pourrez pas, le cas \u00e9ch\u00e9ant, utiliser toutes les fonctions de ce site web dans leur int\u00e9gralit\u00e9. Vous pouvez en outre emp\u00eacher l\u2019enregistrement et le traitement par Google de vos donn\u00e9es g\u00e9n\u00e9r\u00e9es par les cookies utilis\u00e9s sur ce site web (y compris votre adresse IP) en t\u00e9l\u00e9chargeant et en installant le plugin pour navigateur disponible \u00e0 l\u2019adresse: https:\/\/tools.google.com\/dlpage\/gaoptout?hl=de<\/p>\n<p><b>Renseignement, suppression, blocage<\/b><br \/>\nVous avez le droit \u00e0 tout moment d\u2019obtenir des renseignements gratuits sur les donn\u00e9es personnelles que nous sauvegardons \u00e0 votre sujet, sur leur origine et leur destinataire ainsi que sur la finalit\u00e9 du traitement des donn\u00e9es, et disposez d\u2019un droit de rectification, de blocage ou de suppression de ces donn\u00e9es. \u00c0 cet \u00e9gard ainsi qu\u2019en cas de questions sur le sujet des donn\u00e9es personnelles, vous pouvez nous contacter \u00e0 tout moment \u00e0 l\u2019adresse indiqu\u00e9e dans l\u2019impressum.<\/p>\n<p><b>Leads Facebook<\/b><br \/>\nSi vous nous faites parvenir des demandes de leads via Facebook, vos donn\u00e9es, y compris les coordonn\u00e9es que vous y indiquez, sont enregistr\u00e9es chez nous afin de traiter la demande et en cas de questions ult\u00e9rieures. Nous ne transmettons pas ces donn\u00e9es sans votre consentement.<\/p>\n<p><b>Facebook (Pixel) Remarketing\/Retargeting (Custom Audiences)<\/b><br \/>\nNous avons int\u00e9gr\u00e9 sur nos pages le pixel du r\u00e9seau social Facebook, 1601 South California Avenue, Palo Alto, CA 94304, Etats-Unis. Lorsque vous visitez notre site par le pixel de Facebook, une liaison directe est \u00e9tablie entre votre navigateur et le serveur de Facebook. Facebook sait ainsi que vous avez visit\u00e9 notre site avec votre adresse IP. Facebook peut alors relier la visite sur notre site \u00e0 votre compte utilisateur. Les informations ainsi recueillies peuvent \u00eatre utilis\u00e9es pour des annonces publicitaires de Facebook ou pour des fonctions de suivi.<br \/>\nNous vous signalons qu\u2019en tant qu\u2019op\u00e9rateur de ce site, nous n\u2019avons aucune connaissance du contenu des donn\u00e9es transmises ni de l\u2019utilisation qu\u2019en fait Facebook. Vous trouverez plus de d\u00e9tails \u00e0 ce propos dans la d\u00e9claration de protection de donn\u00e9es de Facebook \u00e0 l\u2019adresse https:\/\/www.facebook.com\/about\/privacy\/. Si vous ne souhaitez pas que vos donn\u00e9es soient enregistr\u00e9es par Custom Audience, vous pouvez d\u00e9sactiver ici cette fonction.<\/p>\n<p>Date: 10.10.2018<\/p>\n","protected":false},"excerpt":{"rendered":"<p>Protection des donn\u00e9es Les exploitants de ces pages prennent tr\u00e8s au s\u00e9rieux la protection de vos donn\u00e9es personnelles. Nous traitons vos donn\u00e9es personnelles de fa\u00e7on confidentielle et conform\u00e9ment aux prescriptions l\u00e9gales en la mati\u00e8re et \u00e0 la pr\u00e9sente d\u00e9claration sur la protection des donn\u00e9es. L\u2019utilisation de notre site web est g\u00e9n\u00e9ralement possible sans avoir \u00e0 [&hellip;]<\/p>\n","protected":false},"author":9,"featured_media":0,"parent":0,"menu_order":0,"comment_status":"closed","ping_status":"closed","template":"","meta":{"footnotes":""},"class_list":["post-4304","page","type-page","status-publish","hentry"],"yoast_head":"<!-- This site is optimized with the Yoast SEO plugin v27.5 - https:\/\/yoast.com\/product\/yoast-seo-wordpress\/ -->\n<title>D\u00e9claration de protection des donn\u00e9es - Brasserie Lipp<\/title>\n<meta name=\"description\" content=\"Les exploitants de ces pages prennent tr\u00e8s au s\u00e9rieux la protection de vos donn\u00e9es personnelles. Nous traitons vos donn\u00e9es personnelles de fa\u00e7on confidentielle et conform\u00e9ment aux prescriptions l\u00e9gales en la mati\u00e8re et \u00e0 la pr\u00e9sente d\u00e9claration sur la protection des donn\u00e9es.\" \/>\n<meta name=\"robots\" content=\"index, follow, max-snippet:-1, max-image-preview:large, max-video-preview:-1\" \/>\n<link rel=\"canonical\" href=\"https:\/\/www.brasserie-lipp.ch\/?page_id=3190\" \/>\n<meta property=\"og:locale\" content=\"fr_FR\" \/>\n<meta property=\"og:type\" content=\"article\" \/>\n<meta property=\"og:title\" content=\"D\u00e9claration de protection des donn\u00e9es - Brasserie Lipp\" \/>\n<meta property=\"og:description\" content=\"Les exploitants de ces pages prennent tr\u00e8s au s\u00e9rieux la protection de vos donn\u00e9es personnelles. Nous traitons vos donn\u00e9es personnelles de fa\u00e7on confidentielle et conform\u00e9ment aux prescriptions l\u00e9gales en la mati\u00e8re et \u00e0 la pr\u00e9sente d\u00e9claration sur la protection des donn\u00e9es.\" \/>\n<meta property=\"og:url\" content=\"https:\/\/www.brasserie-lipp.ch\/?page_id=3190\" \/>\n<meta property=\"og:site_name\" content=\"Brasserie Lipp\" \/>\n<meta property=\"article:modified_time\" content=\"2018-10-10T11:42:50+00:00\" \/>\n<meta name=\"twitter:label1\" content=\"Dur\u00e9e de lecture estim\u00e9e\" \/>\n\t<meta name=\"twitter:data1\" content=\"7 minutes\" \/>\n<script type=\"application\/ld+json\" class=\"yoast-schema-graph\">{\"@context\":\"https:\\\/\\\/schema.org\",\"@graph\":[{\"@type\":\"WebPage\",\"@id\":\"https:\\\/\\\/www.brasserie-lipp.ch\\\/?page_id=3190\",\"url\":\"https:\\\/\\\/www.brasserie-lipp.ch\\\/?page_id=3190\",\"name\":\"D\u00e9claration de protection des donn\u00e9es - Brasserie Lipp\",\"isPartOf\":{\"@id\":\"https:\\\/\\\/www.brasserie-lipp.ch\\\/#website\"},\"datePublished\":\"2018-10-10T11:42:16+00:00\",\"dateModified\":\"2018-10-10T11:42:50+00:00\",\"description\":\"Les exploitants de ces pages prennent tr\u00e8s au s\u00e9rieux la protection de vos donn\u00e9es personnelles. Nous traitons vos donn\u00e9es personnelles de fa\u00e7on confidentielle et conform\u00e9ment aux prescriptions l\u00e9gales en la mati\u00e8re et \u00e0 la pr\u00e9sente d\u00e9claration sur la protection des donn\u00e9es.\",\"inLanguage\":\"fr-FR\",\"potentialAction\":[{\"@type\":\"ReadAction\",\"target\":[\"https:\\\/\\\/www.brasserie-lipp.ch\\\/?page_id=3190\"]}]},{\"@type\":\"WebSite\",\"@id\":\"https:\\\/\\\/www.brasserie-lipp.ch\\\/#website\",\"url\":\"https:\\\/\\\/www.brasserie-lipp.ch\\\/\",\"name\":\"Brasserie Lipp\",\"description\":\"So isst Paris.\",\"potentialAction\":[{\"@type\":\"SearchAction\",\"target\":{\"@type\":\"EntryPoint\",\"urlTemplate\":\"https:\\\/\\\/www.brasserie-lipp.ch\\\/?s={search_term_string}\"},\"query-input\":{\"@type\":\"PropertyValueSpecification\",\"valueRequired\":true,\"valueName\":\"search_term_string\"}}],\"inLanguage\":\"fr-FR\"}]}<\/script>\n<!-- \/ Yoast SEO plugin. -->","yoast_head_json":{"title":"D\u00e9claration de protection des donn\u00e9es - Brasserie Lipp","description":"Les exploitants de ces pages prennent tr\u00e8s au s\u00e9rieux la protection de vos donn\u00e9es personnelles. Nous traitons vos donn\u00e9es personnelles de fa\u00e7on confidentielle et conform\u00e9ment aux prescriptions l\u00e9gales en la mati\u00e8re et \u00e0 la pr\u00e9sente d\u00e9claration sur la protection des donn\u00e9es.","robots":{"index":"index","follow":"follow","max-snippet":"max-snippet:-1","max-image-preview":"max-image-preview:large","max-video-preview":"max-video-preview:-1"},"canonical":"https:\/\/www.brasserie-lipp.ch\/?page_id=3190","og_locale":"fr_FR","og_type":"article","og_title":"D\u00e9claration de protection des donn\u00e9es - Brasserie Lipp","og_description":"Les exploitants de ces pages prennent tr\u00e8s au s\u00e9rieux la protection de vos donn\u00e9es personnelles. Nous traitons vos donn\u00e9es personnelles de fa\u00e7on confidentielle et conform\u00e9ment aux prescriptions l\u00e9gales en la mati\u00e8re et \u00e0 la pr\u00e9sente d\u00e9claration sur la protection des donn\u00e9es.","og_url":"https:\/\/www.brasserie-lipp.ch\/?page_id=3190","og_site_name":"Brasserie Lipp","article_modified_time":"2018-10-10T11:42:50+00:00","twitter_misc":{"Dur\u00e9e de lecture estim\u00e9e":"7 minutes"},"schema":{"@context":"https:\/\/schema.org","@graph":[{"@type":"WebPage","@id":"https:\/\/www.brasserie-lipp.ch\/?page_id=3190","url":"https:\/\/www.brasserie-lipp.ch\/?page_id=3190","name":"D\u00e9claration de protection des donn\u00e9es - Brasserie Lipp","isPartOf":{"@id":"https:\/\/www.brasserie-lipp.ch\/#website"},"datePublished":"2018-10-10T11:42:16+00:00","dateModified":"2018-10-10T11:42:50+00:00","description":"Les exploitants de ces pages prennent tr\u00e8s au s\u00e9rieux la protection de vos donn\u00e9es personnelles. Nous traitons vos donn\u00e9es personnelles de fa\u00e7on confidentielle et conform\u00e9ment aux prescriptions l\u00e9gales en la mati\u00e8re et \u00e0 la pr\u00e9sente d\u00e9claration sur la protection des donn\u00e9es.","inLanguage":"fr-FR","potentialAction":[{"@type":"ReadAction","target":["https:\/\/www.brasserie-lipp.ch\/?page_id=3190"]}]},{"@type":"WebSite","@id":"https:\/\/www.brasserie-lipp.ch\/#website","url":"https:\/\/www.brasserie-lipp.ch\/","name":"Brasserie Lipp","description":"So isst Paris.","potentialAction":[{"@type":"SearchAction","target":{"@type":"EntryPoint","urlTemplate":"https:\/\/www.brasserie-lipp.ch\/?s={search_term_string}"},"query-input":{"@type":"PropertyValueSpecification","valueRequired":true,"valueName":"search_term_string"}}],"inLanguage":"fr-FR"}]}},"_links":{"self":[{"href":"https:\/\/www.brasserie-lipp.ch\/fr\/wp-json\/wp\/v2\/pages\/4304","targetHints":{"allow":["GET"]}}],"collection":[{"href":"https:\/\/www.brasserie-lipp.ch\/fr\/wp-json\/wp\/v2\/pages"}],"about":[{"href":"https:\/\/www.brasserie-lipp.ch\/fr\/wp-json\/wp\/v2\/types\/page"}],"author":[{"embeddable":true,"href":"https:\/\/www.brasserie-lipp.ch\/fr\/wp-json\/wp\/v2\/users\/9"}],"replies":[{"embeddable":true,"href":"https:\/\/www.brasserie-lipp.ch\/fr\/wp-json\/wp\/v2\/comments?post=4304"}],"version-history":[{"count":2,"href":"https:\/\/www.brasserie-lipp.ch\/fr\/wp-json\/wp\/v2\/pages\/4304\/revisions"}],"predecessor-version":[{"id":4306,"href":"https:\/\/www.brasserie-lipp.ch\/fr\/wp-json\/wp\/v2\/pages\/4304\/revisions\/4306"}],"wp:attachment":[{"href":"https:\/\/www.brasserie-lipp.ch\/fr\/wp-json\/wp\/v2\/media?parent=4304"}],"curies":[{"name":"wp","href":"https:\/\/api.w.org\/{rel}","templated":true}]}}