{"id":3594,"date":"2018-08-28T16:22:59","date_gmt":"2018-08-28T14:22:59","guid":{"rendered":"https:\/\/www.brasserie-lipp.ch\/%d0%ba%d0%be%d0%bd%d1%82%d0%b0%d0%ba%d1%82%d1%8b-%d0%b8-%d0%b8%d0%bd%d1%84%d0%be%d1%80%d0%bc%d0%b0%d1%86%d0%b8%d0%be%d0%bd%d0%bd%d0%b0%d1%8f-%d1%80%d0%b0%d1%81%d1%81%d1%8b%d0%bb%d0%ba%d0%b0\/"},"modified":"2018-09-13T15:44:24","modified_gmt":"2018-09-13T13:44:24","slug":"%d0%ba%d0%be%d0%bd%d1%82%d0%b0%d0%ba%d1%82%d1%8b-%d0%b8-%d0%b8%d0%bd%d1%84%d0%be%d1%80%d0%bc%d0%b0%d1%86%d0%b8%d0%be%d0%bd%d0%bd%d0%b0%d1%8f-%d1%80%d0%b0%d1%81%d1%81%d1%8b%d0%bb%d0%ba%d0%b0","status":"publish","type":"page","link":"https:\/\/www.brasserie-lipp.ch\/ru\/%d0%ba%d0%be%d0%bd%d1%82%d0%b0%d0%ba%d1%82%d1%8b-%d0%b8-%d0%b8%d0%bd%d1%84%d0%be%d1%80%d0%bc%d0%b0%d1%86%d0%b8%d0%be%d0%bd%d0%bd%d0%b0%d1%8f-%d1%80%d0%b0%d1%81%d1%81%d1%8b%d0%bb%d0%ba%d0%b0\/","title":{"rendered":"\u041a\u043e\u043d\u0442\u0430\u043a\u0442\u044b \u0438 \u0438\u043d\u0444\u043e\u0440\u043c\u0430\u0446\u0438\u043e\u043d\u043d\u0430\u044f \u0440\u0430\u0441\u0441\u044b\u043b\u043a\u0430"},"content":{"rendered":"<div class=\"grid2column\">\n<h2>\u041a\u0430\u043a \u043d\u0430\u0441 \u043d\u0430\u0439\u0442\u0438?<\/h2>\n<p>\u0411\u0440\u0430\u0441\u0441\u0435\u0440\u0438 \u041b\u0438\u043f\u043f \u0440\u0430\u0441\u043f\u043e\u043b\u043e\u0436\u0435\u043d \u0440\u044f\u0434\u043e\u043c \u0441 <strong><a href=\"http:\/\/www.urania-sternwarte.ch\" target=\"_blank\" rel=\"noopener\">Urania Sternwarte<\/a><\/strong>\u00a0\u0430 \u0442\u0430\u043a\u0436\u0435 \u0441 \u043c\u043d\u043e\u0433\u043e\u0443\u0440\u043e\u0432\u043d\u0435\u0432\u043e\u0439 \u043f\u0430\u0440\u043a\u043e\u0432\u043a\u043e\u0439 <strong><a href=\"http:\/\/www.parkhaus-urania.ch\" target=\"_blank\" rel=\"noopener\">Urania<\/a><\/strong>. \u0421\u043b\u0435\u0432\u0430 \u043d\u0430\u0445\u043e\u0434\u0438\u0442\u0441\u044f <strong><a href=\"http:\/\/www.bahnhofstrasse-zuerich.ch\" target=\"_blank\" rel=\"noopener\">\u0411\u0430\u043d\u0445\u043e\u0444\u0448\u0442\u0440\u0430\u0441\u0441\u0435<\/a><\/strong>, \u043f\u0435\u0440\u0435\u0434 \u0411\u0440\u0430\u0441\u0441\u0435\u0440\u0438 \u041b\u0438\u043f\u043f \u0440\u0430\u0441\u043f\u043e\u043b\u043e\u0436\u0435\u043d Werdm\u00fchleplatz \u0430 \u0432 \u043d\u0435\u0441\u043a\u043e\u043b\u044c\u043a\u0438\u0445 \u043c\u0438\u043d\u0443\u0442\u0430\u0445 \u0445\u043e\u0434\u044c\u0431\u044b \u043d\u0430\u0445\u043e\u0434\u0438\u0442\u0441\u044f <strong><a href=\"http:\/\/www.sbb.ch\/bahnhof-services\/am-bahnhof\/bahnhof\/shopville-zuerich-hb.marketingurl_%2524%2524%2524shopville-zuerichhb.html\" target=\"_blank\" rel=\"noopener\">\u0433\u043b\u0430\u0432\u043d\u044b\u0439 \u0432\u043e\u043a\u0437\u0430\u043b<\/a><\/strong>. \u0415\u0441\u043b\u0438 \u0432\u044b \u043f\u0440\u0438\u0435\u0437\u0436\u0430\u0435\u0442\u0435 \u043d\u0430 \u0442\u0430\u043a\u0441\u0438, \u0432\u044b \u043c\u043e\u0436\u0435\u0442\u0435 \u043f\u0440\u0438\u043f\u0430\u0440\u043a\u043e\u0432\u0430\u0442\u044c\u0441\u044f \u043f\u0440\u044f\u043c\u043e \u0440\u044f\u0434\u043e\u043c \u0441\u043e \u0432\u0445\u043e\u0434\u043e\u043c \u0432 \u0440\u0435\u0441\u0442\u043e\u0440\u0430\u043d \u0411\u0440\u0430\u0441\u0441\u0435\u0440\u0438 \u041b\u0438\u043f\u043f, \u0447\u0442\u043e \u044f\u0432\u043b\u044f\u0435\u0442\u0441\u044f \u0440\u0435\u0434\u043a\u043e\u0441\u0442\u044c\u044e \u0432 \u0446\u0435\u043d\u0442\u0440\u0435 \u0426\u044e\u0440\u0438\u0445\u0430.<\/p>\n<p>\u0417\u0432\u043e\u043d\u0438\u0442\u0435 \u0438\u043b\u0438 <strong><a href=\"https:\/\/www.brasserie-lipp.ch\/willkommen-im-lipp\/reservieren\/\">\u0431\u0440\u043e\u043d\u0438\u0440\u0443\u0439\u0442\u0435 \u0441\u0442\u043e\u043b \u043e\u043d\u043b\u0430\u0439\u043d<\/a><\/strong>.<\/p>\n<p>Brasserie Lipp<br \/>\nUraniastrasse 9<br \/>\n8001 Z\u00fcrich<\/p>\n<p>Tel: +41 43 888 66 66<br \/>\nFax: +41 43 888 66 67<\/p>\n<p><a href=\"mailto:info@brasserie-lipp.ch?subject=Anfrage\n&#038;body=\nName:%0A\nTelefonnummer:%0A\nF\u00fcr eine schnelle Bearbeitung Ihrer Anfrage bitten wir Sie, Ihre vollst\u00e4ndigen Kontaktdaten anzugeben.%0A\nIhre Nachricht:%0A\n\">info@brasserie-lipp.ch<\/a><\/p>\n<p><iframe loading=\"lazy\" style=\"border: 0;\" src=\"https:\/\/www.google.com\/maps\/embed?pb=!1m18!1m12!1m3!1d2701.9229130437093!2d8.539361999999999!3d47.374423000000014!2m3!1f0!2f0!3f0!3m2!1i1024!2i768!4f13.1!3m3!1m2!1s0x47900a0656c3a4ad%3A0x2e9adb2676f1302d!2sRestaurant+Brasserie+Lipp!5e0!3m2!1sde!2sch!4v1404376941313\" width=\"300\" height=\"300\" frameborder=\"0\"><\/iframe><\/div><div class=\"grid2column lastcolumn\"><\/p>\n<h2>\u041f\u043e\u0434\u043f\u0438\u0441\u044b\u0432\u0430\u0439\u0442\u0435\u0441\u044c \u043d\u0430 \u043d\u0430\u0448\u0438 \u043d\u043e\u0432\u043e\u0441\u0442\u0438<\/h2>\n<p>\u041f\u043e\u043b\u0443\u0447\u0430\u0439\u0442\u0435 \u0440\u0435\u0433\u0443\u043b\u044f\u0440\u043d\u043e \u0438\u043d\u0444\u043e\u0440\u043c\u0430\u0446\u0438\u044e \u043e \u0441\u0435\u0437\u043e\u043d\u043d\u044b\u0445 \u0431\u0438\u0437\u043d\u0435\u0441-\u043b\u0430\u043d\u0447\u0430\u0445 \u0438 \u043d\u043e\u0432\u044b\u0445 \u043c\u0435\u0440\u043e\u043f\u0440\u0438\u044f\u0442\u0438\u044f\u0445 \u043d\u0430 \u043d\u0435\u043c\u0435\u0446\u043a\u043e\u043c.<\/p>\n<p><div class=\"mc_container\">\n<div id=\"mc_signup_924792681d_1\">\n\t<form method=\"post\" action=\"#mc_signup_924792681d_1\" id=\"mc_signup_form_924792681d_1\" class=\"mc_signup_form\">\n\t\t<input type=\"hidden\" class=\"mc_submit_type\" name=\"mc_submit_type\" value=\"html\" \/>\n\t\t<input type=\"hidden\" name=\"mcsf_action\" value=\"mc_submit_signup_form\" \/>\n\t\t<input type=\"hidden\" id=\"_mc_submit_signup_form_nonce\" name=\"_mc_submit_signup_form_nonce\" value=\"f6c3d6cc9d\" \/>\n\t\n\t<div class=\"mc_form_inside\">\n\n\t\t<div class=\"mc_message_wrapper\">\n\t\t\t\t\t<\/div><!-- \/mc_message_wrapper -->\n\n\t\t\n<div class=\"mc_merge_var\">\n\t\t<label for=\"mc_mv_EMAIL_2\" class=\"mc_var_label mc_header mc_header_email\">Email Address<span class=\"mc_required\">*<\/span><\/label>\n\t<input type=\"text\" size=\"18\" placeholder=\"\" name=\"mc_mv_EMAIL\" id=\"mc_mv_EMAIL_2\" class=\"mc_input\"\/>\n<\/div><!-- \/mc_merge_var -->\n<div class=\"mc_merge_var\">\n\t\t<label for=\"mc_mv_FNAME_3\" class=\"mc_var_label mc_header mc_header_text\">Vorname<\/label>\n\t<input type=\"text\" size=\"18\" placeholder=\"\" name=\"mc_mv_FNAME\" id=\"mc_mv_FNAME_3\" class=\"mc_input\"\/>\n<\/div><!-- \/mc_merge_var -->\n<div class=\"mc_merge_var\">\n\t\t<label for=\"mc_mv_LNAME_4\" class=\"mc_var_label mc_header mc_header_text\">Nachname<\/label>\n\t<input type=\"text\" size=\"18\" placeholder=\"\" name=\"mc_mv_LNAME\" id=\"mc_mv_LNAME_4\" class=\"mc_input\"\/>\n<\/div><!-- \/mc_merge_var -->\t\t\t<div class=\"mc-indicates-required\">\n\t\t\t\t* = required field\t\t\t<\/div><!-- \/mc-indicates-required -->\n\t\t\t\t<div style=\"display: none; !important\">\n\t\t<label for=\"mailchimp_sf_alt_email\">Alternative Email:<\/label>\n\t\t<input type=\"text\" name=\"mailchimp_sf_alt_email\" autocomplete=\"off\"\/>\n\t<\/div>\n\t<input type=\"hidden\" class=\"mailchimp_sf_no_js\" name=\"mailchimp_sf_no_js\" value=\"1\" \/>\n\t\n\t\t<div class=\"mc_signup_submit\">\n\t\t\t<input type=\"submit\" name=\"mc_signup_submit\" class=\"mc_signup_submit_button\" id=\"mc_signup_submit_924792681d_1\" value=\"Anmelden\" class=\"button\" \/>\n\t\t<\/div><!-- \/mc_signup_submit -->\n\n\t\t\n\t<\/div><!-- \/mc_form_inside -->\n\t<\/form><!-- \/mc_signup_form -->\n<\/div><!-- \/mc_signup_container -->\n\t<\/div><\/div><div class=\"clearfix\"><\/div><\/p>\n","protected":false},"excerpt":{"rendered":"","protected":false},"author":9,"featured_media":3595,"parent":0,"menu_order":0,"comment_status":"open","ping_status":"open","template":"portfolio-2-sidebar.php","meta":{"footnotes":""},"class_list":["post-3594","page","type-page","status-publish","has-post-thumbnail","hentry"],"yoast_head":"<!-- This site is optimized with the Yoast SEO plugin v27.5 - https:\/\/yoast.com\/product\/yoast-seo-wordpress\/ -->\n<title>Newsletter und Kontakt der Brasserie Lipp Z\u00fcrich<\/title>\n<meta name=\"description\" content=\"Direkt an der Bahnhofstrasse in Z\u00fcrich. Melden Sie sich f\u00fcr unseren Newsletter an und seien Sie immer informiert \u00fcber aktuelle Menus, Events und Specials.\" \/>\n<meta name=\"robots\" content=\"index, follow, max-snippet:-1, max-image-preview:large, max-video-preview:-1\" \/>\n<link rel=\"canonical\" href=\"https:\/\/www.brasserie-lipp.ch\/ru\/\u043a\u043e\u043d\u0442\u0430\u043a\u0442\u044b-\u0438-\u0438\u043d\u0444\u043e\u0440\u043c\u0430\u0446\u0438\u043e\u043d\u043d\u0430\u044f-\u0440\u0430\u0441\u0441\u044b\u043b\u043a\u0430\/\" \/>\n<meta property=\"og:locale\" content=\"ru_RU\" \/>\n<meta property=\"og:type\" content=\"article\" \/>\n<meta property=\"og:title\" content=\"Newsletter und Kontakt der Brasserie Lipp Z\u00fcrich\" \/>\n<meta property=\"og:description\" content=\"Direkt an der Bahnhofstrasse in Z\u00fcrich. Melden Sie sich f\u00fcr unseren Newsletter an und seien Sie immer informiert \u00fcber aktuelle Menus, Events und Specials.\" \/>\n<meta property=\"og:url\" content=\"https:\/\/www.brasserie-lipp.ch\/ru\/\u043a\u043e\u043d\u0442\u0430\u043a\u0442\u044b-\u0438-\u0438\u043d\u0444\u043e\u0440\u043c\u0430\u0446\u0438\u043e\u043d\u043d\u0430\u044f-\u0440\u0430\u0441\u0441\u044b\u043b\u043a\u0430\/\" \/>\n<meta property=\"og:site_name\" content=\"Brasserie Lipp\" \/>\n<meta property=\"article:modified_time\" content=\"2018-09-13T13:44:24+00:00\" \/>\n<meta property=\"og:image\" content=\"https:\/\/www.brasserie-lipp.ch\/wp-content\/uploads\/2014\/04\/Kontakt.jpg\" \/>\n\t<meta property=\"og:image:width\" content=\"2000\" \/>\n\t<meta property=\"og:image:height\" content=\"706\" \/>\n\t<meta property=\"og:image:type\" content=\"image\/jpeg\" \/>\n<script type=\"application\/ld+json\" class=\"yoast-schema-graph\">{\"@context\":\"https:\\\/\\\/schema.org\",\"@graph\":[{\"@type\":\"WebPage\",\"@id\":\"https:\\\/\\\/www.brasserie-lipp.ch\\\/ru\\\/%d0%ba%d0%be%d0%bd%d1%82%d0%b0%d0%ba%d1%82%d1%8b-%d0%b8-%d0%b8%d0%bd%d1%84%d0%be%d1%80%d0%bc%d0%b0%d1%86%d0%b8%d0%be%d0%bd%d0%bd%d0%b0%d1%8f-%d1%80%d0%b0%d1%81%d1%81%d1%8b%d0%bb%d0%ba%d0%b0\\\/\",\"url\":\"https:\\\/\\\/www.brasserie-lipp.ch\\\/ru\\\/%d0%ba%d0%be%d0%bd%d1%82%d0%b0%d0%ba%d1%82%d1%8b-%d0%b8-%d0%b8%d0%bd%d1%84%d0%be%d1%80%d0%bc%d0%b0%d1%86%d0%b8%d0%be%d0%bd%d0%bd%d0%b0%d1%8f-%d1%80%d0%b0%d1%81%d1%81%d1%8b%d0%bb%d0%ba%d0%b0\\\/\",\"name\":\"Newsletter und Kontakt der Brasserie Lipp Z\u00fcrich\",\"isPartOf\":{\"@id\":\"https:\\\/\\\/www.brasserie-lipp.ch\\\/#website\"},\"primaryImageOfPage\":{\"@id\":\"https:\\\/\\\/www.brasserie-lipp.ch\\\/ru\\\/%d0%ba%d0%be%d0%bd%d1%82%d0%b0%d0%ba%d1%82%d1%8b-%d0%b8-%d0%b8%d0%bd%d1%84%d0%be%d1%80%d0%bc%d0%b0%d1%86%d0%b8%d0%be%d0%bd%d0%bd%d0%b0%d1%8f-%d1%80%d0%b0%d1%81%d1%81%d1%8b%d0%bb%d0%ba%d0%b0\\\/#primaryimage\"},\"image\":{\"@id\":\"https:\\\/\\\/www.brasserie-lipp.ch\\\/ru\\\/%d0%ba%d0%be%d0%bd%d1%82%d0%b0%d0%ba%d1%82%d1%8b-%d0%b8-%d0%b8%d0%bd%d1%84%d0%be%d1%80%d0%bc%d0%b0%d1%86%d0%b8%d0%be%d0%bd%d0%bd%d0%b0%d1%8f-%d1%80%d0%b0%d1%81%d1%81%d1%8b%d0%bb%d0%ba%d0%b0\\\/#primaryimage\"},\"thumbnailUrl\":\"https:\\\/\\\/www.brasserie-lipp.ch\\\/wp-content\\\/uploads\\\/2014\\\/04\\\/Kontakt.jpg\",\"datePublished\":\"2018-08-28T14:22:59+00:00\",\"dateModified\":\"2018-09-13T13:44:24+00:00\",\"description\":\"Direkt an der Bahnhofstrasse in Z\u00fcrich. Melden Sie sich f\u00fcr unseren Newsletter an und seien Sie immer informiert \u00fcber aktuelle Menus, Events und Specials.\",\"inLanguage\":\"ru-RU\",\"potentialAction\":[{\"@type\":\"ReadAction\",\"target\":[\"https:\\\/\\\/www.brasserie-lipp.ch\\\/ru\\\/%d0%ba%d0%be%d0%bd%d1%82%d0%b0%d0%ba%d1%82%d1%8b-%d0%b8-%d0%b8%d0%bd%d1%84%d0%be%d1%80%d0%bc%d0%b0%d1%86%d0%b8%d0%be%d0%bd%d0%bd%d0%b0%d1%8f-%d1%80%d0%b0%d1%81%d1%81%d1%8b%d0%bb%d0%ba%d0%b0\\\/\"]}]},{\"@type\":\"ImageObject\",\"inLanguage\":\"ru-RU\",\"@id\":\"https:\\\/\\\/www.brasserie-lipp.ch\\\/ru\\\/%d0%ba%d0%be%d0%bd%d1%82%d0%b0%d0%ba%d1%82%d1%8b-%d0%b8-%d0%b8%d0%bd%d1%84%d0%be%d1%80%d0%bc%d0%b0%d1%86%d0%b8%d0%be%d0%bd%d0%bd%d0%b0%d1%8f-%d1%80%d0%b0%d1%81%d1%81%d1%8b%d0%bb%d0%ba%d0%b0\\\/#primaryimage\",\"url\":\"https:\\\/\\\/www.brasserie-lipp.ch\\\/wp-content\\\/uploads\\\/2014\\\/04\\\/Kontakt.jpg\",\"contentUrl\":\"https:\\\/\\\/www.brasserie-lipp.ch\\\/wp-content\\\/uploads\\\/2014\\\/04\\\/Kontakt.jpg\",\"width\":2000,\"height\":706},{\"@type\":\"WebSite\",\"@id\":\"https:\\\/\\\/www.brasserie-lipp.ch\\\/#website\",\"url\":\"https:\\\/\\\/www.brasserie-lipp.ch\\\/\",\"name\":\"Brasserie Lipp\",\"description\":\"So isst Paris.\",\"potentialAction\":[{\"@type\":\"SearchAction\",\"target\":{\"@type\":\"EntryPoint\",\"urlTemplate\":\"https:\\\/\\\/www.brasserie-lipp.ch\\\/?s={search_term_string}\"},\"query-input\":{\"@type\":\"PropertyValueSpecification\",\"valueRequired\":true,\"valueName\":\"search_term_string\"}}],\"inLanguage\":\"ru-RU\"}]}<\/script>\n<!-- \/ Yoast SEO plugin. -->","yoast_head_json":{"title":"Newsletter und Kontakt der Brasserie Lipp Z\u00fcrich","description":"Direkt an der Bahnhofstrasse in Z\u00fcrich. Melden Sie sich f\u00fcr unseren Newsletter an und seien Sie immer informiert \u00fcber aktuelle Menus, Events und Specials.","robots":{"index":"index","follow":"follow","max-snippet":"max-snippet:-1","max-image-preview":"max-image-preview:large","max-video-preview":"max-video-preview:-1"},"canonical":"https:\/\/www.brasserie-lipp.ch\/ru\/\u043a\u043e\u043d\u0442\u0430\u043a\u0442\u044b-\u0438-\u0438\u043d\u0444\u043e\u0440\u043c\u0430\u0446\u0438\u043e\u043d\u043d\u0430\u044f-\u0440\u0430\u0441\u0441\u044b\u043b\u043a\u0430\/","og_locale":"ru_RU","og_type":"article","og_title":"Newsletter und Kontakt der Brasserie Lipp Z\u00fcrich","og_description":"Direkt an der Bahnhofstrasse in Z\u00fcrich. Melden Sie sich f\u00fcr unseren Newsletter an und seien Sie immer informiert \u00fcber aktuelle Menus, Events und Specials.","og_url":"https:\/\/www.brasserie-lipp.ch\/ru\/\u043a\u043e\u043d\u0442\u0430\u043a\u0442\u044b-\u0438-\u0438\u043d\u0444\u043e\u0440\u043c\u0430\u0446\u0438\u043e\u043d\u043d\u0430\u044f-\u0440\u0430\u0441\u0441\u044b\u043b\u043a\u0430\/","og_site_name":"Brasserie Lipp","article_modified_time":"2018-09-13T13:44:24+00:00","og_image":[{"width":2000,"height":706,"url":"https:\/\/www.brasserie-lipp.ch\/wp-content\/uploads\/2014\/04\/Kontakt.jpg","type":"image\/jpeg"}],"schema":{"@context":"https:\/\/schema.org","@graph":[{"@type":"WebPage","@id":"https:\/\/www.brasserie-lipp.ch\/ru\/%d0%ba%d0%be%d0%bd%d1%82%d0%b0%d0%ba%d1%82%d1%8b-%d0%b8-%d0%b8%d0%bd%d1%84%d0%be%d1%80%d0%bc%d0%b0%d1%86%d0%b8%d0%be%d0%bd%d0%bd%d0%b0%d1%8f-%d1%80%d0%b0%d1%81%d1%81%d1%8b%d0%bb%d0%ba%d0%b0\/","url":"https:\/\/www.brasserie-lipp.ch\/ru\/%d0%ba%d0%be%d0%bd%d1%82%d0%b0%d0%ba%d1%82%d1%8b-%d0%b8-%d0%b8%d0%bd%d1%84%d0%be%d1%80%d0%bc%d0%b0%d1%86%d0%b8%d0%be%d0%bd%d0%bd%d0%b0%d1%8f-%d1%80%d0%b0%d1%81%d1%81%d1%8b%d0%bb%d0%ba%d0%b0\/","name":"Newsletter und Kontakt der Brasserie Lipp Z\u00fcrich","isPartOf":{"@id":"https:\/\/www.brasserie-lipp.ch\/#website"},"primaryImageOfPage":{"@id":"https:\/\/www.brasserie-lipp.ch\/ru\/%d0%ba%d0%be%d0%bd%d1%82%d0%b0%d0%ba%d1%82%d1%8b-%d0%b8-%d0%b8%d0%bd%d1%84%d0%be%d1%80%d0%bc%d0%b0%d1%86%d0%b8%d0%be%d0%bd%d0%bd%d0%b0%d1%8f-%d1%80%d0%b0%d1%81%d1%81%d1%8b%d0%bb%d0%ba%d0%b0\/#primaryimage"},"image":{"@id":"https:\/\/www.brasserie-lipp.ch\/ru\/%d0%ba%d0%be%d0%bd%d1%82%d0%b0%d0%ba%d1%82%d1%8b-%d0%b8-%d0%b8%d0%bd%d1%84%d0%be%d1%80%d0%bc%d0%b0%d1%86%d0%b8%d0%be%d0%bd%d0%bd%d0%b0%d1%8f-%d1%80%d0%b0%d1%81%d1%81%d1%8b%d0%bb%d0%ba%d0%b0\/#primaryimage"},"thumbnailUrl":"https:\/\/www.brasserie-lipp.ch\/wp-content\/uploads\/2014\/04\/Kontakt.jpg","datePublished":"2018-08-28T14:22:59+00:00","dateModified":"2018-09-13T13:44:24+00:00","description":"Direkt an der Bahnhofstrasse in Z\u00fcrich. Melden Sie sich f\u00fcr unseren Newsletter an und seien Sie immer informiert \u00fcber aktuelle Menus, Events und Specials.","inLanguage":"ru-RU","potentialAction":[{"@type":"ReadAction","target":["https:\/\/www.brasserie-lipp.ch\/ru\/%d0%ba%d0%be%d0%bd%d1%82%d0%b0%d0%ba%d1%82%d1%8b-%d0%b8-%d0%b8%d0%bd%d1%84%d0%be%d1%80%d0%bc%d0%b0%d1%86%d0%b8%d0%be%d0%bd%d0%bd%d0%b0%d1%8f-%d1%80%d0%b0%d1%81%d1%81%d1%8b%d0%bb%d0%ba%d0%b0\/"]}]},{"@type":"ImageObject","inLanguage":"ru-RU","@id":"https:\/\/www.brasserie-lipp.ch\/ru\/%d0%ba%d0%be%d0%bd%d1%82%d0%b0%d0%ba%d1%82%d1%8b-%d0%b8-%d0%b8%d0%bd%d1%84%d0%be%d1%80%d0%bc%d0%b0%d1%86%d0%b8%d0%be%d0%bd%d0%bd%d0%b0%d1%8f-%d1%80%d0%b0%d1%81%d1%81%d1%8b%d0%bb%d0%ba%d0%b0\/#primaryimage","url":"https:\/\/www.brasserie-lipp.ch\/wp-content\/uploads\/2014\/04\/Kontakt.jpg","contentUrl":"https:\/\/www.brasserie-lipp.ch\/wp-content\/uploads\/2014\/04\/Kontakt.jpg","width":2000,"height":706},{"@type":"WebSite","@id":"https:\/\/www.brasserie-lipp.ch\/#website","url":"https:\/\/www.brasserie-lipp.ch\/","name":"Brasserie Lipp","description":"So isst Paris.","potentialAction":[{"@type":"SearchAction","target":{"@type":"EntryPoint","urlTemplate":"https:\/\/www.brasserie-lipp.ch\/?s={search_term_string}"},"query-input":{"@type":"PropertyValueSpecification","valueRequired":true,"valueName":"search_term_string"}}],"inLanguage":"ru-RU"}]}},"_links":{"self":[{"href":"https:\/\/www.brasserie-lipp.ch\/ru\/wp-json\/wp\/v2\/pages\/3594","targetHints":{"allow":["GET"]}}],"collection":[{"href":"https:\/\/www.brasserie-lipp.ch\/ru\/wp-json\/wp\/v2\/pages"}],"about":[{"href":"https:\/\/www.brasserie-lipp.ch\/ru\/wp-json\/wp\/v2\/types\/page"}],"author":[{"embeddable":true,"href":"https:\/\/www.brasserie-lipp.ch\/ru\/wp-json\/wp\/v2\/users\/9"}],"replies":[{"embeddable":true,"href":"https:\/\/www.brasserie-lipp.ch\/ru\/wp-json\/wp\/v2\/comments?post=3594"}],"version-history":[{"count":5,"href":"https:\/\/www.brasserie-lipp.ch\/ru\/wp-json\/wp\/v2\/pages\/3594\/revisions"}],"predecessor-version":[{"id":4203,"href":"https:\/\/www.brasserie-lipp.ch\/ru\/wp-json\/wp\/v2\/pages\/3594\/revisions\/4203"}],"wp:featuredmedia":[{"embeddable":true,"href":"https:\/\/www.brasserie-lipp.ch\/ru\/wp-json\/wp\/v2\/media\/3595"}],"wp:attachment":[{"href":"https:\/\/www.brasserie-lipp.ch\/ru\/wp-json\/wp\/v2\/media?parent=3594"}],"curies":[{"name":"wp","href":"https:\/\/api.w.org\/{rel}","templated":true}]}}