{"id":4053,"date":"2018-09-04T11:46:55","date_gmt":"2018-09-04T09:46:55","guid":{"rendered":"https:\/\/www.brasserie-lipp.ch\/%d0%b4%d0%be%d0%b1%d1%80%d0%be-%d0%bf%d0%be%d0%b6%d0%b0%d0%bb%d0%be%d0%b2%d0%b0%d1%82%d1%8c-%d0%b2-%d0%b1%d1%80%d0%b0%d1%81%d1%81%d0%b5%d1%80%d0%b8-%d0%bb%d0%b8%d0%bf%d0%bf\/"},"modified":"2018-09-04T14:44:41","modified_gmt":"2018-09-04T12:44:41","slug":"%d0%b4%d0%be%d0%b1%d1%80%d0%be-%d0%bf%d0%be%d0%b6%d0%b0%d0%bb%d0%be%d0%b2%d0%b0%d1%82%d1%8c-%d0%b2-%d0%b1%d1%80%d0%b0%d1%81%d1%81%d0%b5%d1%80%d0%b8-%d0%bb%d0%b8%d0%bf%d0%bf","status":"publish","type":"page","link":"https:\/\/www.brasserie-lipp.ch\/ru\/","title":{"rendered":"\u0414\u043e\u0431\u0440\u043e \u043f\u043e\u0436\u0430\u043b\u043e\u0432\u0430\u0442\u044c \u0432 \u0411\u0440\u0430\u0441\u0441\u0435\u0440\u0438 \u041b\u0438\u043f\u043f"},"content":{"rendered":"","protected":false},"excerpt":{"rendered":"","protected":false},"author":9,"featured_media":0,"parent":0,"menu_order":0,"comment_status":"open","ping_status":"open","template":"homepage.php","meta":{"footnotes":""},"class_list":["post-4053","page","type-page","status-publish","hentry"],"yoast_head":"<!-- This site is optimized with the Yoast SEO plugin v27.5 - https:\/\/yoast.com\/product\/yoast-seo-wordpress\/ -->\n<title>Die franz\u00f6sische Brasserie Lipp aus Paris mitten in Z\u00fcrich<\/title>\n<meta name=\"description\" content=\"Die Brasserie Lipp Z\u00fcrich bietet franz\u00f6sische K\u00fcche, Austern, Meeresfr\u00fcchte und Delikatessen - ob zum Business Lunch oder Abendessen das Menu ist exquisit.\" \/>\n<meta name=\"robots\" content=\"index, follow, max-snippet:-1, max-image-preview:large, max-video-preview:-1\" \/>\n<link rel=\"canonical\" href=\"https:\/\/www.brasserie-lipp.ch\/ru\/\" \/>\n<meta property=\"og:locale\" content=\"ru_RU\" \/>\n<meta property=\"og:type\" content=\"article\" \/>\n<meta property=\"og:title\" content=\"Die franz\u00f6sische Brasserie Lipp aus Paris mitten in Z\u00fcrich\" \/>\n<meta property=\"og:description\" content=\"Die Brasserie Lipp Z\u00fcrich bietet franz\u00f6sische K\u00fcche, Austern, Meeresfr\u00fcchte und Delikatessen - ob zum Business Lunch oder Abendessen das Menu ist exquisit.\" \/>\n<meta property=\"og:url\" content=\"https:\/\/www.brasserie-lipp.ch\/ru\/\" \/>\n<meta property=\"og:site_name\" content=\"Brasserie Lipp\" \/>\n<meta property=\"article:modified_time\" content=\"2018-09-04T12:44:41+00:00\" \/>\n<script type=\"application\/ld+json\" class=\"yoast-schema-graph\">{\"@context\":\"https:\\\/\\\/schema.org\",\"@graph\":[{\"@type\":\"WebPage\",\"@id\":\"https:\\\/\\\/www.brasserie-lipp.ch\\\/ru\\\/\",\"url\":\"https:\\\/\\\/www.brasserie-lipp.ch\\\/ru\\\/\",\"name\":\"Die franz\u00f6sische Brasserie Lipp aus Paris mitten in Z\u00fcrich\",\"isPartOf\":{\"@id\":\"https:\\\/\\\/www.brasserie-lipp.ch\\\/#website\"},\"datePublished\":\"2018-09-04T09:46:55+00:00\",\"dateModified\":\"2018-09-04T12:44:41+00:00\",\"description\":\"Die Brasserie Lipp Z\u00fcrich bietet franz\u00f6sische K\u00fcche, Austern, Meeresfr\u00fcchte und Delikatessen - ob zum Business Lunch oder Abendessen das Menu ist exquisit.\",\"inLanguage\":\"ru-RU\",\"potentialAction\":[{\"@type\":\"ReadAction\",\"target\":[\"https:\\\/\\\/www.brasserie-lipp.ch\\\/ru\\\/\"]}]},{\"@type\":\"WebSite\",\"@id\":\"https:\\\/\\\/www.brasserie-lipp.ch\\\/#website\",\"url\":\"https:\\\/\\\/www.brasserie-lipp.ch\\\/\",\"name\":\"Brasserie Lipp\",\"description\":\"So isst Paris.\",\"potentialAction\":[{\"@type\":\"SearchAction\",\"target\":{\"@type\":\"EntryPoint\",\"urlTemplate\":\"https:\\\/\\\/www.brasserie-lipp.ch\\\/?s={search_term_string}\"},\"query-input\":{\"@type\":\"PropertyValueSpecification\",\"valueRequired\":true,\"valueName\":\"search_term_string\"}}],\"inLanguage\":\"ru-RU\"}]}<\/script>\n<!-- \/ Yoast SEO plugin. -->","yoast_head_json":{"title":"Die franz\u00f6sische Brasserie Lipp aus Paris mitten in Z\u00fcrich","description":"Die Brasserie Lipp Z\u00fcrich bietet franz\u00f6sische K\u00fcche, Austern, Meeresfr\u00fcchte und Delikatessen - ob zum Business Lunch oder Abendessen das Menu ist exquisit.","robots":{"index":"index","follow":"follow","max-snippet":"max-snippet:-1","max-image-preview":"max-image-preview:large","max-video-preview":"max-video-preview:-1"},"canonical":"https:\/\/www.brasserie-lipp.ch\/ru\/","og_locale":"ru_RU","og_type":"article","og_title":"Die franz\u00f6sische Brasserie Lipp aus Paris mitten in Z\u00fcrich","og_description":"Die Brasserie Lipp Z\u00fcrich bietet franz\u00f6sische K\u00fcche, Austern, Meeresfr\u00fcchte und Delikatessen - ob zum Business Lunch oder Abendessen das Menu ist exquisit.","og_url":"https:\/\/www.brasserie-lipp.ch\/ru\/","og_site_name":"Brasserie Lipp","article_modified_time":"2018-09-04T12:44:41+00:00","schema":{"@context":"https:\/\/schema.org","@graph":[{"@type":"WebPage","@id":"https:\/\/www.brasserie-lipp.ch\/ru\/","url":"https:\/\/www.brasserie-lipp.ch\/ru\/","name":"Die franz\u00f6sische Brasserie Lipp aus Paris mitten in Z\u00fcrich","isPartOf":{"@id":"https:\/\/www.brasserie-lipp.ch\/#website"},"datePublished":"2018-09-04T09:46:55+00:00","dateModified":"2018-09-04T12:44:41+00:00","description":"Die Brasserie Lipp Z\u00fcrich bietet franz\u00f6sische K\u00fcche, Austern, Meeresfr\u00fcchte und Delikatessen - ob zum Business Lunch oder Abendessen das Menu ist exquisit.","inLanguage":"ru-RU","potentialAction":[{"@type":"ReadAction","target":["https:\/\/www.brasserie-lipp.ch\/ru\/"]}]},{"@type":"WebSite","@id":"https:\/\/www.brasserie-lipp.ch\/#website","url":"https:\/\/www.brasserie-lipp.ch\/","name":"Brasserie Lipp","description":"So isst Paris.","potentialAction":[{"@type":"SearchAction","target":{"@type":"EntryPoint","urlTemplate":"https:\/\/www.brasserie-lipp.ch\/?s={search_term_string}"},"query-input":{"@type":"PropertyValueSpecification","valueRequired":true,"valueName":"search_term_string"}}],"inLanguage":"ru-RU"}]}},"_links":{"self":[{"href":"https:\/\/www.brasserie-lipp.ch\/ru\/wp-json\/wp\/v2\/pages\/4053","targetHints":{"allow":["GET"]}}],"collection":[{"href":"https:\/\/www.brasserie-lipp.ch\/ru\/wp-json\/wp\/v2\/pages"}],"about":[{"href":"https:\/\/www.brasserie-lipp.ch\/ru\/wp-json\/wp\/v2\/types\/page"}],"author":[{"embeddable":true,"href":"https:\/\/www.brasserie-lipp.ch\/ru\/wp-json\/wp\/v2\/users\/9"}],"replies":[{"embeddable":true,"href":"https:\/\/www.brasserie-lipp.ch\/ru\/wp-json\/wp\/v2\/comments?post=4053"}],"version-history":[{"count":1,"href":"https:\/\/www.brasserie-lipp.ch\/ru\/wp-json\/wp\/v2\/pages\/4053\/revisions"}],"predecessor-version":[{"id":4073,"href":"https:\/\/www.brasserie-lipp.ch\/ru\/wp-json\/wp\/v2\/pages\/4053\/revisions\/4073"}],"wp:attachment":[{"href":"https:\/\/www.brasserie-lipp.ch\/ru\/wp-json\/wp\/v2\/media?parent=4053"}],"curies":[{"name":"wp","href":"https:\/\/api.w.org\/{rel}","templated":true}]}}